{"id":73,"date":"2023-01-10T15:08:29","date_gmt":"2023-01-10T14:08:29","guid":{"rendered":"https:\/\/zwei2eins.de\/?page_id=73"},"modified":"2023-01-17T07:33:46","modified_gmt":"2023-01-17T06:33:46","slug":"ueber-uns","status":"publish","type":"page","link":"https:\/\/zwei2eins.de\/de\/ueber-uns\/","title":{"rendered":"\u00dcber uns"},"content":{"rendered":"\t\t<div data-elementor-type=\"wp-page\" data-elementor-id=\"73\" class=\"elementor elementor-73\" data-elementor-post-type=\"page\">\n\t\t\t\t\t\t\t\t\t<section class=\"elementor-section elementor-top-section elementor-element elementor-element-7e2d2341 elementor-section-boxed elementor-section-height-default elementor-section-height-default\" data-id=\"7e2d2341\" data-element_type=\"section\">\n\t\t\t\t\t\t<div class=\"elementor-container elementor-column-gap-default\">\n\t\t\t\t\t<div class=\"elementor-column elementor-col-50 elementor-top-column elementor-element elementor-element-6d43f83d\" data-id=\"6d43f83d\" data-element_type=\"column\" data-settings=\"{&quot;background_background&quot;:&quot;classic&quot;}\">\n\t\t\t<div class=\"elementor-widget-wrap elementor-element-populated\">\n\t\t\t\t\t\t\t\t<div class=\"elementor-element elementor-element-32461d3 elementor-widget elementor-widget-heading\" data-id=\"32461d3\" data-element_type=\"widget\" data-widget_type=\"heading.default\">\n\t\t\t\t<div class=\"elementor-widget-container\">\n\t\t\t<style>\/*! elementor - v3.15.0 - 20-08-2023 *\/\n.elementor-heading-title{padding:0;margin:0;line-height:1}.elementor-widget-heading .elementor-heading-title[class*=elementor-size-]>a{color:inherit;font-size:inherit;line-height:inherit}.elementor-widget-heading .elementor-heading-title.elementor-size-small{font-size:15px}.elementor-widget-heading .elementor-heading-title.elementor-size-medium{font-size:19px}.elementor-widget-heading .elementor-heading-title.elementor-size-large{font-size:29px}.elementor-widget-heading .elementor-heading-title.elementor-size-xl{font-size:39px}.elementor-widget-heading .elementor-heading-title.elementor-size-xxl{font-size:59px}<\/style><h1 class=\"elementor-heading-title elementor-size-default\"> \u00dcber uns <\/h1>\t\t<\/div>\n\t\t\t\t<\/div>\n\t\t\t\t<div class=\"elementor-element elementor-element-44300560 elementor-widget-divider--view-line elementor-widget elementor-widget-divider\" data-id=\"44300560\" data-element_type=\"widget\" data-widget_type=\"divider.default\">\n\t\t\t\t<div class=\"elementor-widget-container\">\n\t\t\t<style>\/*! elementor - v3.15.0 - 20-08-2023 *\/\n.elementor-widget-divider{--divider-border-style:none;--divider-border-width:1px;--divider-color:#0c0d0e;--divider-icon-size:20px;--divider-element-spacing:10px;--divider-pattern-height:24px;--divider-pattern-size:20px;--divider-pattern-url:none;--divider-pattern-repeat:repeat-x}.elementor-widget-divider .elementor-divider{display:flex}.elementor-widget-divider .elementor-divider__text{font-size:15px;line-height:1;max-width:95%}.elementor-widget-divider .elementor-divider__element{margin:0 var(--divider-element-spacing);flex-shrink:0}.elementor-widget-divider .elementor-icon{font-size:var(--divider-icon-size)}.elementor-widget-divider .elementor-divider-separator{display:flex;margin:0;direction:ltr}.elementor-widget-divider--view-line_icon .elementor-divider-separator,.elementor-widget-divider--view-line_text .elementor-divider-separator{align-items:center}.elementor-widget-divider--view-line_icon .elementor-divider-separator:after,.elementor-widget-divider--view-line_icon .elementor-divider-separator:before,.elementor-widget-divider--view-line_text .elementor-divider-separator:after,.elementor-widget-divider--view-line_text .elementor-divider-separator:before{display:block;content:\"\";border-bottom:0;flex-grow:1;border-top:var(--divider-border-width) var(--divider-border-style) var(--divider-color)}.elementor-widget-divider--element-align-left .elementor-divider .elementor-divider-separator>.elementor-divider__svg:first-of-type{flex-grow:0;flex-shrink:100}.elementor-widget-divider--element-align-left .elementor-divider-separator:before{content:none}.elementor-widget-divider--element-align-left .elementor-divider__element{margin-left:0}.elementor-widget-divider--element-align-right .elementor-divider .elementor-divider-separator>.elementor-divider__svg:last-of-type{flex-grow:0;flex-shrink:100}.elementor-widget-divider--element-align-right .elementor-divider-separator:after{content:none}.elementor-widget-divider--element-align-right .elementor-divider__element{margin-right:0}.elementor-widget-divider:not(.elementor-widget-divider--view-line_text):not(.elementor-widget-divider--view-line_icon) .elementor-divider-separator{border-top:var(--divider-border-width) var(--divider-border-style) var(--divider-color)}.elementor-widget-divider--separator-type-pattern{--divider-border-style:none}.elementor-widget-divider--separator-type-pattern.elementor-widget-divider--view-line .elementor-divider-separator,.elementor-widget-divider--separator-type-pattern:not(.elementor-widget-divider--view-line) .elementor-divider-separator:after,.elementor-widget-divider--separator-type-pattern:not(.elementor-widget-divider--view-line) .elementor-divider-separator:before,.elementor-widget-divider--separator-type-pattern:not([class*=elementor-widget-divider--view]) .elementor-divider-separator{width:100%;min-height:var(--divider-pattern-height);-webkit-mask-size:var(--divider-pattern-size) 100%;mask-size:var(--divider-pattern-size) 100%;-webkit-mask-repeat:var(--divider-pattern-repeat);mask-repeat:var(--divider-pattern-repeat);background-color:var(--divider-color);-webkit-mask-image:var(--divider-pattern-url);mask-image:var(--divider-pattern-url)}.elementor-widget-divider--no-spacing{--divider-pattern-size:auto}.elementor-widget-divider--bg-round{--divider-pattern-repeat:round}.rtl .elementor-widget-divider .elementor-divider__text{direction:rtl}.e-con-inner>.elementor-widget-divider,.e-con>.elementor-widget-divider{width:var(--container-widget-width,100%);--flex-grow:var(--container-widget-flex-grow)}<\/style>\t\t<div class=\"elementor-divider\">\n\t\t\t<span class=\"elementor-divider-separator\">\n\t\t\t\t\t\t<\/span>\n\t\t<\/div>\n\t\t\t\t<\/div>\n\t\t\t\t<\/div>\n\t\t\t\t\t<\/div>\n\t\t<\/div>\n\t\t\t\t<div class=\"elementor-column elementor-col-50 elementor-top-column elementor-element elementor-element-22dff78d\" data-id=\"22dff78d\" data-element_type=\"column\" data-settings=\"{&quot;background_background&quot;:&quot;classic&quot;}\">\n\t\t\t<div class=\"elementor-widget-wrap elementor-element-populated\">\n\t\t\t\t\t\t\t\t<div class=\"elementor-element elementor-element-4fa3d301 elementor-align-right elementor-widget elementor-widget-breadcrumbs\" data-id=\"4fa3d301\" data-element_type=\"widget\" data-widget_type=\"breadcrumbs.default\">\n\t\t\t\t<div class=\"elementor-widget-container\">\n\t\t\t<link rel=\"stylesheet\" href=\"https:\/\/zwei2eins.de\/wp-content\/plugins\/elementor-pro\/assets\/css\/widget-theme-elements.min.css\"><p id=\"breadcrumbs\"><span><span><a href=\"https:\/\/zwei2eins.de\/de\/\">Startseite<\/a><\/span><\/span><\/p>\t\t<\/div>\n\t\t\t\t<\/div>\n\t\t\t\t\t<\/div>\n\t\t<\/div>\n\t\t\t\t\t\t\t<\/div>\n\t\t<\/section>\n\t\t\t\t<section class=\"elementor-section elementor-top-section elementor-element elementor-element-276d7c elementor-section-boxed elementor-section-height-default elementor-section-height-default\" data-id=\"276d7c\" data-element_type=\"section\">\n\t\t\t\t\t\t<div class=\"elementor-container elementor-column-gap-default\">\n\t\t\t\t\t<div class=\"elementor-column elementor-col-100 elementor-top-column elementor-element elementor-element-6c128036\" data-id=\"6c128036\" data-element_type=\"column\" data-settings=\"{&quot;background_background&quot;:&quot;classic&quot;}\">\n\t\t\t<div class=\"elementor-widget-wrap elementor-element-populated\">\n\t\t\t\t\t\t\t\t<div class=\"elementor-element elementor-element-2502c22c elementor-widget elementor-widget-image\" data-id=\"2502c22c\" data-element_type=\"widget\" data-widget_type=\"image.default\">\n\t\t\t\t<div class=\"elementor-widget-container\">\n\t\t\t<style>\/*! elementor - v3.15.0 - 20-08-2023 *\/\n.elementor-widget-image{text-align:center}.elementor-widget-image a{display:inline-block}.elementor-widget-image a img[src$=\".svg\"]{width:48px}.elementor-widget-image img{vertical-align:middle;display:inline-block}<\/style>\t\t\t\t\t\t\t\t\t\t\t\t<img loading=\"lazy\" decoding=\"async\" width=\"1199\" height=\"439\" src=\"https:\/\/zwei2eins.de\/wp-content\/uploads\/2023\/01\/ueber-uns.png\" class=\"attachment-full size-full wp-image-447\" alt=\"\" srcset=\"https:\/\/zwei2eins.de\/wp-content\/uploads\/2023\/01\/ueber-uns.png 1199w, https:\/\/zwei2eins.de\/wp-content\/uploads\/2023\/01\/ueber-uns-300x110.png 300w, https:\/\/zwei2eins.de\/wp-content\/uploads\/2023\/01\/ueber-uns-1024x375.png 1024w, https:\/\/zwei2eins.de\/wp-content\/uploads\/2023\/01\/ueber-uns-768x281.png 768w\" sizes=\"auto, (max-width: 1199px) 100vw, 1199px\" \/>\t\t\t\t\t\t\t\t\t\t\t\t\t\t\t<\/div>\n\t\t\t\t<\/div>\n\t\t\t\t\t<\/div>\n\t\t<\/div>\n\t\t\t\t\t\t\t<\/div>\n\t\t<\/section>\n\t\t\t\t<section class=\"elementor-section elementor-top-section elementor-element elementor-element-561ebfec elementor-section-boxed elementor-section-height-default elementor-section-height-default\" data-id=\"561ebfec\" data-element_type=\"section\">\n\t\t\t\t\t\t<div class=\"elementor-container elementor-column-gap-default\">\n\t\t\t\t\t<div class=\"elementor-column elementor-col-100 elementor-top-column elementor-element elementor-element-279a19e9\" data-id=\"279a19e9\" data-element_type=\"column\" data-settings=\"{&quot;background_background&quot;:&quot;classic&quot;}\">\n\t\t\t<div class=\"elementor-widget-wrap elementor-element-populated\">\n\t\t\t\t\t\t\t\t<div class=\"elementor-element elementor-element-2f321bc6 elementor-widget elementor-widget-heading\" data-id=\"2f321bc6\" data-element_type=\"widget\" data-widget_type=\"heading.default\">\n\t\t\t\t<div class=\"elementor-widget-container\">\n\t\t\t<h2 class=\"elementor-heading-title elementor-size-default\">Unsere Mission:<\/h2>\t\t<\/div>\n\t\t\t\t<\/div>\n\t\t\t\t<div class=\"elementor-element elementor-element-755b017b elementor-widget elementor-widget-text-editor\" data-id=\"755b017b\" data-element_type=\"widget\" data-widget_type=\"text-editor.default\">\n\t\t\t\t<div class=\"elementor-widget-container\">\n\t\t\t<style>\/*! elementor - v3.15.0 - 20-08-2023 *\/\n.elementor-widget-text-editor.elementor-drop-cap-view-stacked .elementor-drop-cap{background-color:#69727d;color:#fff}.elementor-widget-text-editor.elementor-drop-cap-view-framed .elementor-drop-cap{color:#69727d;border:3px solid;background-color:transparent}.elementor-widget-text-editor:not(.elementor-drop-cap-view-default) .elementor-drop-cap{margin-top:8px}.elementor-widget-text-editor:not(.elementor-drop-cap-view-default) .elementor-drop-cap-letter{width:1em;height:1em}.elementor-widget-text-editor .elementor-drop-cap{float:left;text-align:center;line-height:1;font-size:50px}.elementor-widget-text-editor .elementor-drop-cap-letter{display:inline-block}<\/style>\t\t\t\t<h2>Wir wollen erfolgreiche Menschen und Organisationen dazu inspirieren, Herausragendes zu leisten und damit den Unterschied zu machen.<\/h2><p>\u201eDer Erfolg dessen, was wir tun, ist messbar\u201c, sagt Uwe Riedel. Der frisch gek\u00fcrte Top-Consulant setzt bei seiner Arbeit in Konzernen, mittelst\u00e4ndischen Betrieben und Einzelcoachings auf Emotionale Intelligenz. Einer seiner gr\u00f6\u00dften Erfolge: Durch den Einsatz seiner speziellen Beratungsmethode habe sein Unternehmen, zwei2eins, daf\u00fcr gesorgt, dass ein bereits erfolgreicher Touristikkonzern ein Umsatzwachstum im zweistelligen Bereich erzielte.<\/p><h3>Vom Topmanager zum Firmengr\u00fcnder<\/h3><p>Bis dahin war es allerdings ein weiter Weg. Innerhalb von 24 Jahren kletterte der Diplom Kaufmann beim internationalen Wirtschaftspr\u00fcfungs- und Beratungsunternehmen KPMG die Karriereleiter immer h\u00f6her hinauf. Uwe Riedel beriet DAX 30-Konzerne, die Europ\u00e4ische Union und die Weltbank. Er reiste durch die ganze Welt. Am Ende wusste er nicht mehr, in welchem Land er gerade im Taxi sa\u00df. Das war der Punkt f\u00fcr den KPMG-Partner, etwas Neues anzufangen. Mit 50 Jahren entschied Uwe Riedel, seine Erfahrung in der Region einzusetzen und gr\u00fcndete in Leichlingen seine Firma zwei2eins.<\/p><h3>Kein Berater-Wischiwaschi<\/h3><p>\u201eWas wir machen ist wissenschaftlich fundiert, kein Berater \u2013 Wischiwaschi\u201c, erkl\u00e4rt Uwe Riedel. Acht international aufgestellte Berater arbeiten f\u00fcr die zwei2eins GmbH. Alle haben eine Coaching- oder Mediatorenausbildung. 50 Prozent des Umsatzes macht das Unternehmen im Ausland. Meist in exklusiven Locations \u2013 f\u00fcr den Ex-KPMG-Top-Manager ein Zeichen von Wertsch\u00e4tzung, das den Unterschied ausmachen kann.<\/p><h3>Ein Fragebogen zur Selbsteinsch\u00e4tzung<\/h3><p>\u201eBei uns lernen F\u00fchrungskr\u00e4fte und Mitarbeiter, wie wichtig es ist, sich f\u00fcreinander zu interessieren. Miteinander erkennen sie den Sinn und Zweck ihrer t\u00e4glichen Arbeit,<span class=\"Apple-converted-space\">\u00a0 <\/span>\u00fcbernehmen Verantwortung und handeln ergebnisorientiert.\u201c Das finden sie heraus, indem sie zun\u00e4chst einen Fragebogen ausf\u00fcllen, um ihre eigenen sozialen und emotionalen Kompetenzen zu erfahren. Sie erkennen, wie ihre Entscheidungen nicht nur durch den Kopf, sondern durch ihr Bauchgef\u00fchl und die<span class=\"Apple-converted-space\">\u00a0 <\/span>Gef\u00fchle anderer beeinflusst werden. Dadurch wissen sie, wo die Herausforderungen f\u00fcr sie selbst und das Unternehmen liegen und k\u00f6nnen im Team daran arbeiten.<\/p><h3>Mit Emotionaler Intelligenz erfolgreicher werden<\/h3><p>\u201eWer mit Emotionen intelligent umgehen kann, ist flexibler, selbstbewusster, effektiver und belastbarer\u201c, sagt Gesch\u00e4ftsf\u00fchrer Uwe G. Riedel. Aber es gehe es nicht nur darum Leistung zu steigern, sondern sich auch noch dabei wohlzuf\u00fchlen. \u201eMit unserem Beratungsansatz k\u00f6nnen Unternehmensprozesse besser gesteuert werden, indem Ziele f\u00fcr alle in verst\u00e4ndlicher Form formuliert werden. So entsteht am Ende der Unterschied zwischen Erfolg und au\u00dferordentlichem Erfolg.\u201c<\/p><h3>zwei2eins \u2013 innovativ und international in der Personal- und Organisationsentwicklung. Wir sind Experten f\u00fcr emotionale Intelligenz und soziale Kompetenz. Wir machen Menschen und Organisationen erfolgreicher.<\/h3>\t\t\t\t\t\t<\/div>\n\t\t\t\t<\/div>\n\t\t\t\t<div class=\"elementor-element elementor-element-c763e6a elementor-widget elementor-widget-text-editor\" data-id=\"c763e6a\" data-element_type=\"widget\" data-widget_type=\"text-editor.default\">\n\t\t\t\t<div class=\"elementor-widget-container\">\n\t\t\t\t\t\t\t<p><strong><a href=\"\/how\/emotionale-intelligenz\/das-eq-i-2-0-modell\/\" target=\"_blank\" rel=\"noopener\"><img loading=\"lazy\" decoding=\"async\" class=\"alignleft wp-image-448 size-full\" src=\"https:\/\/zwei2eins.die-testumgebung.de\/wp-content\/uploads\/2023\/01\/EQ-i-CERTIFIED.png\" alt=\"\" width=\"500\" height=\"202\" srcset=\"https:\/\/zwei2eins.de\/wp-content\/uploads\/2023\/01\/EQ-i-CERTIFIED.png 500w, https:\/\/zwei2eins.de\/wp-content\/uploads\/2023\/01\/EQ-i-CERTIFIED-300x121.png 300w\" sizes=\"auto, (max-width: 500px) 100vw, 500px\" \/><\/a>Als partnerschaftliches Unternehmen haben wir eine mehr als 25\u2013j\u00e4hrige weltweite Erfahrung in der F\u00fchrung, in der Beratung und im Coaching. Wir haben tausende von Menschen und hunderte von Unternehmen (KMU, Mittelstand, DAX 30) dabei unterst\u00fctzt noch erfolgreicher zu werden \u2013 auf Ihrem Weg zur Einzigartigkeit.<\/strong><\/p><p><strong>Unsere Kunden sehen, genau wie wir auch, emotionale Intelligenz als den Treibstoff f\u00fcr Ver\u00e4nderung und Eigen-Entwicklung. Die dadurch stark gef\u00f6rderte Selbst-Motivation bewirkt die richtige Haltung.<\/strong><\/p><p><strong>zwei2eins ist ein f\u00fchrender, weltweit t\u00e4tiger, <a href=\"\/what\/certification\/\">Distributions- und Trainingspartner f\u00fcr EQ-i 2.0 &amp; EQ 360<\/a> mit Sitz in Deutschland. Wir arbeiten in Deutsch, Englisch, Niederl\u00e4ndisch und Spanisch.<\/strong><\/p>\t\t\t\t\t\t<\/div>\n\t\t\t\t<\/div>\n\t\t\t\t<div class=\"elementor-element elementor-element-6f6d2d20 elementor-widget elementor-widget-spacer\" data-id=\"6f6d2d20\" data-element_type=\"widget\" data-widget_type=\"spacer.default\">\n\t\t\t\t<div class=\"elementor-widget-container\">\n\t\t\t<style>\/*! elementor - v3.15.0 - 20-08-2023 *\/\n.elementor-column .elementor-spacer-inner{height:var(--spacer-size)}.e-con{--container-widget-width:100%}.e-con-inner>.elementor-widget-spacer,.e-con>.elementor-widget-spacer{width:var(--container-widget-width,var(--spacer-size));--align-self:var(--container-widget-align-self,initial);--flex-shrink:0}.e-con-inner>.elementor-widget-spacer>.elementor-widget-container,.e-con-inner>.elementor-widget-spacer>.elementor-widget-container>.elementor-spacer,.e-con>.elementor-widget-spacer>.elementor-widget-container,.e-con>.elementor-widget-spacer>.elementor-widget-container>.elementor-spacer{height:100%}.e-con-inner>.elementor-widget-spacer>.elementor-widget-container>.elementor-spacer>.elementor-spacer-inner,.e-con>.elementor-widget-spacer>.elementor-widget-container>.elementor-spacer>.elementor-spacer-inner{height:var(--container-widget-height,var(--spacer-size))}<\/style>\t\t<div class=\"elementor-spacer\">\n\t\t\t<div class=\"elementor-spacer-inner\"><\/div>\n\t\t<\/div>\n\t\t\t\t<\/div>\n\t\t\t\t<\/div>\n\t\t\t\t\t<\/div>\n\t\t<\/div>\n\t\t\t\t\t\t\t<\/div>\n\t\t<\/section>\n\t\t\t\t\t\t\t<\/div>\n\t\t","protected":false},"excerpt":{"rendered":"<p>\u00dcber uns Unsere Mission: Wir wollen erfolgreiche Menschen und Organisationen dazu inspirieren, Herausragendes zu leisten und damit den Unterschied zu machen. \u201eDer Erfolg dessen, was wir tun, ist messbar\u201c, sagt Uwe Riedel. Der frisch gek\u00fcrte Top-Consulant setzt bei seiner Arbeit in Konzernen, mittelst\u00e4ndischen Betrieben und Einzelcoachings auf Emotionale Intelligenz. Einer seiner gr\u00f6\u00dften Erfolge: Durch den [&hellip;]<\/p>\n","protected":false},"author":1,"featured_media":0,"parent":0,"menu_order":0,"comment_status":"closed","ping_status":"closed","template":"","meta":{"footnotes":""},"class_list":["post-73","page","type-page","status-publish","hentry"],"yoast_head":"<!-- This site is optimized with the Yoast SEO plugin v21.0 - https:\/\/yoast.com\/wordpress\/plugins\/seo\/ -->\n<title>\u00dcber uns - zwei2eins<\/title>\n<meta name=\"description\" content=\"Unsere Mission: Wir wollen erfolgreiche Menschen und Organisationen dazu inspirieren, Herausragendes zu leisten und damit den Unterschied zu machen.\" \/>\n<meta name=\"robots\" content=\"index, follow, max-snippet:-1, max-image-preview:large, max-video-preview:-1\" \/>\n<link rel=\"canonical\" href=\"https:\/\/zwei2eins.de\/de\/ueber-uns\/\" \/>\n<meta property=\"og:locale\" content=\"de_DE\" \/>\n<meta property=\"og:type\" content=\"article\" \/>\n<meta property=\"og:title\" content=\"\u00dcber uns - zwei2eins\" \/>\n<meta property=\"og:description\" content=\"Unsere Mission: Wir wollen erfolgreiche Menschen und Organisationen dazu inspirieren, Herausragendes zu leisten und damit den Unterschied zu machen.\" \/>\n<meta property=\"og:url\" content=\"https:\/\/zwei2eins.de\/de\/ueber-uns\/\" \/>\n<meta property=\"og:site_name\" content=\"zwei2eins\" \/>\n<meta property=\"article:modified_time\" content=\"2023-01-17T06:33:46+00:00\" \/>\n<meta property=\"og:image\" content=\"https:\/\/zwei2eins.de\/wp-content\/uploads\/2023\/01\/ueber-uns.png\" \/>\n<meta name=\"twitter:card\" content=\"summary_large_image\" \/>\n<meta name=\"twitter:label1\" content=\"Gesch\u00e4tzte Lesezeit\" \/>\n\t<meta name=\"twitter:data1\" content=\"4\u00a0Minuten\" \/>\n<script type=\"application\/ld+json\" class=\"yoast-schema-graph\">{\"@context\":\"https:\/\/schema.org\",\"@graph\":[{\"@type\":\"WebPage\",\"@id\":\"https:\/\/zwei2eins.de\/de\/ueber-uns\/\",\"url\":\"https:\/\/zwei2eins.de\/de\/ueber-uns\/\",\"name\":\"\u00dcber uns - zwei2eins\",\"isPartOf\":{\"@id\":\"https:\/\/zwei2eins.de\/de\/#website\"},\"datePublished\":\"2023-01-10T14:08:29+00:00\",\"dateModified\":\"2023-01-17T06:33:46+00:00\",\"description\":\"Unsere Mission: Wir wollen erfolgreiche Menschen und Organisationen dazu inspirieren, Herausragendes zu leisten und damit den Unterschied zu machen.\",\"breadcrumb\":{\"@id\":\"https:\/\/zwei2eins.de\/de\/ueber-uns\/#breadcrumb\"},\"inLanguage\":\"de\",\"potentialAction\":[{\"@type\":\"ReadAction\",\"target\":[\"https:\/\/zwei2eins.de\/de\/ueber-uns\/\"]}]},{\"@type\":\"BreadcrumbList\",\"@id\":\"https:\/\/zwei2eins.de\/de\/ueber-uns\/#breadcrumb\",\"itemListElement\":[{\"@type\":\"ListItem\",\"position\":1,\"name\":\"Startseite\",\"item\":\"https:\/\/zwei2eins.de\/de\/\"},{\"@type\":\"ListItem\",\"position\":2,\"name\":\"\u00dcber uns\"}]},{\"@type\":\"WebSite\",\"@id\":\"https:\/\/zwei2eins.de\/de\/#website\",\"url\":\"https:\/\/zwei2eins.de\/de\/\",\"name\":\"zwei2eins\",\"description\":\"Die Performance-Steigerer\",\"publisher\":{\"@id\":\"https:\/\/zwei2eins.de\/de\/#organization\"},\"potentialAction\":[{\"@type\":\"SearchAction\",\"target\":{\"@type\":\"EntryPoint\",\"urlTemplate\":\"https:\/\/zwei2eins.de\/de\/?s={search_term_string}\"},\"query-input\":\"required name=search_term_string\"}],\"inLanguage\":\"de\"},{\"@type\":\"Organization\",\"@id\":\"https:\/\/zwei2eins.de\/de\/#organization\",\"name\":\"zwei2eins\",\"url\":\"https:\/\/zwei2eins.de\/de\/\",\"logo\":{\"@type\":\"ImageObject\",\"inLanguage\":\"de\",\"@id\":\"https:\/\/zwei2eins.de\/de\/#\/schema\/logo\/image\/\",\"url\":\"https:\/\/zwei2eins.de\/wp-content\/uploads\/2023\/01\/Zwei2Eins_TopConsultant.klein_.png\",\"contentUrl\":\"https:\/\/zwei2eins.de\/wp-content\/uploads\/2023\/01\/Zwei2Eins_TopConsultant.klein_.png\",\"width\":1015,\"height\":315,\"caption\":\"zwei2eins\"},\"image\":{\"@id\":\"https:\/\/zwei2eins.de\/de\/#\/schema\/logo\/image\/\"}}]}<\/script>\n<!-- \/ Yoast SEO plugin. -->","yoast_head_json":{"title":"\u00dcber uns - zwei2eins","description":"Unsere Mission: Wir wollen erfolgreiche Menschen und Organisationen dazu inspirieren, Herausragendes zu leisten und damit den Unterschied zu machen.","robots":{"index":"index","follow":"follow","max-snippet":"max-snippet:-1","max-image-preview":"max-image-preview:large","max-video-preview":"max-video-preview:-1"},"canonical":"https:\/\/zwei2eins.de\/de\/ueber-uns\/","og_locale":"de_DE","og_type":"article","og_title":"\u00dcber uns - zwei2eins","og_description":"Unsere Mission: Wir wollen erfolgreiche Menschen und Organisationen dazu inspirieren, Herausragendes zu leisten und damit den Unterschied zu machen.","og_url":"https:\/\/zwei2eins.de\/de\/ueber-uns\/","og_site_name":"zwei2eins","article_modified_time":"2023-01-17T06:33:46+00:00","og_image":[{"url":"https:\/\/zwei2eins.de\/wp-content\/uploads\/2023\/01\/ueber-uns.png"}],"twitter_card":"summary_large_image","twitter_misc":{"Gesch\u00e4tzte Lesezeit":"4\u00a0Minuten"},"schema":{"@context":"https:\/\/schema.org","@graph":[{"@type":"WebPage","@id":"https:\/\/zwei2eins.de\/de\/ueber-uns\/","url":"https:\/\/zwei2eins.de\/de\/ueber-uns\/","name":"\u00dcber uns - zwei2eins","isPartOf":{"@id":"https:\/\/zwei2eins.de\/de\/#website"},"datePublished":"2023-01-10T14:08:29+00:00","dateModified":"2023-01-17T06:33:46+00:00","description":"Unsere Mission: Wir wollen erfolgreiche Menschen und Organisationen dazu inspirieren, Herausragendes zu leisten und damit den Unterschied zu machen.","breadcrumb":{"@id":"https:\/\/zwei2eins.de\/de\/ueber-uns\/#breadcrumb"},"inLanguage":"de","potentialAction":[{"@type":"ReadAction","target":["https:\/\/zwei2eins.de\/de\/ueber-uns\/"]}]},{"@type":"BreadcrumbList","@id":"https:\/\/zwei2eins.de\/de\/ueber-uns\/#breadcrumb","itemListElement":[{"@type":"ListItem","position":1,"name":"Startseite","item":"https:\/\/zwei2eins.de\/de\/"},{"@type":"ListItem","position":2,"name":"\u00dcber uns"}]},{"@type":"WebSite","@id":"https:\/\/zwei2eins.de\/de\/#website","url":"https:\/\/zwei2eins.de\/de\/","name":"zwei2eins","description":"Die Performance-Steigerer","publisher":{"@id":"https:\/\/zwei2eins.de\/de\/#organization"},"potentialAction":[{"@type":"SearchAction","target":{"@type":"EntryPoint","urlTemplate":"https:\/\/zwei2eins.de\/de\/?s={search_term_string}"},"query-input":"required name=search_term_string"}],"inLanguage":"de"},{"@type":"Organization","@id":"https:\/\/zwei2eins.de\/de\/#organization","name":"zwei2eins","url":"https:\/\/zwei2eins.de\/de\/","logo":{"@type":"ImageObject","inLanguage":"de","@id":"https:\/\/zwei2eins.de\/de\/#\/schema\/logo\/image\/","url":"https:\/\/zwei2eins.de\/wp-content\/uploads\/2023\/01\/Zwei2Eins_TopConsultant.klein_.png","contentUrl":"https:\/\/zwei2eins.de\/wp-content\/uploads\/2023\/01\/Zwei2Eins_TopConsultant.klein_.png","width":1015,"height":315,"caption":"zwei2eins"},"image":{"@id":"https:\/\/zwei2eins.de\/de\/#\/schema\/logo\/image\/"}}]}},"_links":{"self":[{"href":"https:\/\/zwei2eins.de\/de\/wp-json\/wp\/v2\/pages\/73","targetHints":{"allow":["GET"]}}],"collection":[{"href":"https:\/\/zwei2eins.de\/de\/wp-json\/wp\/v2\/pages"}],"about":[{"href":"https:\/\/zwei2eins.de\/de\/wp-json\/wp\/v2\/types\/page"}],"author":[{"embeddable":true,"href":"https:\/\/zwei2eins.de\/de\/wp-json\/wp\/v2\/users\/1"}],"replies":[{"embeddable":true,"href":"https:\/\/zwei2eins.de\/de\/wp-json\/wp\/v2\/comments?post=73"}],"version-history":[{"count":5,"href":"https:\/\/zwei2eins.de\/de\/wp-json\/wp\/v2\/pages\/73\/revisions"}],"predecessor-version":[{"id":896,"href":"https:\/\/zwei2eins.de\/de\/wp-json\/wp\/v2\/pages\/73\/revisions\/896"}],"wp:attachment":[{"href":"https:\/\/zwei2eins.de\/de\/wp-json\/wp\/v2\/media?parent=73"}],"curies":[{"name":"wp","href":"https:\/\/api.w.org\/{rel}","templated":true}]}}