{"id":63,"date":"2023-01-10T15:06:25","date_gmt":"2023-01-10T14:06:25","guid":{"rendered":"https:\/\/zwei2eins.de\/?page_id=63"},"modified":"2023-01-17T07:37:50","modified_gmt":"2023-01-17T06:37:50","slug":"gruende","status":"publish","type":"page","link":"https:\/\/zwei2eins.de\/de\/what\/gesundheit\/gruende\/","title":{"rendered":"Warum Gesundheitspr\u00e4vention f\u00fcr Sie und Ihr Unternehmen wichtig ist"},"content":{"rendered":"\t\t<div data-elementor-type=\"wp-page\" data-elementor-id=\"63\" class=\"elementor elementor-63\" data-elementor-post-type=\"page\">\n\t\t\t\t\t\t\t\t\t<section class=\"elementor-section elementor-top-section elementor-element elementor-element-4b02d1a5 elementor-section-boxed elementor-section-height-default elementor-section-height-default\" data-id=\"4b02d1a5\" data-element_type=\"section\">\n\t\t\t\t\t\t<div class=\"elementor-container elementor-column-gap-default\">\n\t\t\t\t\t<div class=\"elementor-column elementor-col-50 elementor-top-column elementor-element elementor-element-6dbeddd\" data-id=\"6dbeddd\" data-element_type=\"column\" data-settings=\"{&quot;background_background&quot;:&quot;classic&quot;}\">\n\t\t\t<div class=\"elementor-widget-wrap elementor-element-populated\">\n\t\t\t\t\t\t\t\t<div class=\"elementor-element elementor-element-70f7664d elementor-widget elementor-widget-heading\" data-id=\"70f7664d\" data-element_type=\"widget\" data-widget_type=\"heading.default\">\n\t\t\t\t<div class=\"elementor-widget-container\">\n\t\t\t<style>\/*! elementor - v3.15.0 - 20-08-2023 *\/\n.elementor-heading-title{padding:0;margin:0;line-height:1}.elementor-widget-heading .elementor-heading-title[class*=elementor-size-]>a{color:inherit;font-size:inherit;line-height:inherit}.elementor-widget-heading .elementor-heading-title.elementor-size-small{font-size:15px}.elementor-widget-heading .elementor-heading-title.elementor-size-medium{font-size:19px}.elementor-widget-heading .elementor-heading-title.elementor-size-large{font-size:29px}.elementor-widget-heading .elementor-heading-title.elementor-size-xl{font-size:39px}.elementor-widget-heading .elementor-heading-title.elementor-size-xxl{font-size:59px}<\/style><h1 class=\"elementor-heading-title elementor-size-default\"> Warum Gesundheitspr\u00e4vention f\u00fcr Sie und Ihr Unternehmen wichtig ist <\/h1>\t\t<\/div>\n\t\t\t\t<\/div>\n\t\t\t\t<div class=\"elementor-element elementor-element-6939f200 elementor-widget-divider--view-line elementor-widget elementor-widget-divider\" data-id=\"6939f200\" data-element_type=\"widget\" data-widget_type=\"divider.default\">\n\t\t\t\t<div class=\"elementor-widget-container\">\n\t\t\t<style>\/*! elementor - v3.15.0 - 20-08-2023 *\/\n.elementor-widget-divider{--divider-border-style:none;--divider-border-width:1px;--divider-color:#0c0d0e;--divider-icon-size:20px;--divider-element-spacing:10px;--divider-pattern-height:24px;--divider-pattern-size:20px;--divider-pattern-url:none;--divider-pattern-repeat:repeat-x}.elementor-widget-divider .elementor-divider{display:flex}.elementor-widget-divider .elementor-divider__text{font-size:15px;line-height:1;max-width:95%}.elementor-widget-divider .elementor-divider__element{margin:0 var(--divider-element-spacing);flex-shrink:0}.elementor-widget-divider .elementor-icon{font-size:var(--divider-icon-size)}.elementor-widget-divider .elementor-divider-separator{display:flex;margin:0;direction:ltr}.elementor-widget-divider--view-line_icon .elementor-divider-separator,.elementor-widget-divider--view-line_text .elementor-divider-separator{align-items:center}.elementor-widget-divider--view-line_icon .elementor-divider-separator:after,.elementor-widget-divider--view-line_icon .elementor-divider-separator:before,.elementor-widget-divider--view-line_text .elementor-divider-separator:after,.elementor-widget-divider--view-line_text .elementor-divider-separator:before{display:block;content:\"\";border-bottom:0;flex-grow:1;border-top:var(--divider-border-width) var(--divider-border-style) var(--divider-color)}.elementor-widget-divider--element-align-left .elementor-divider .elementor-divider-separator>.elementor-divider__svg:first-of-type{flex-grow:0;flex-shrink:100}.elementor-widget-divider--element-align-left .elementor-divider-separator:before{content:none}.elementor-widget-divider--element-align-left .elementor-divider__element{margin-left:0}.elementor-widget-divider--element-align-right .elementor-divider .elementor-divider-separator>.elementor-divider__svg:last-of-type{flex-grow:0;flex-shrink:100}.elementor-widget-divider--element-align-right .elementor-divider-separator:after{content:none}.elementor-widget-divider--element-align-right .elementor-divider__element{margin-right:0}.elementor-widget-divider:not(.elementor-widget-divider--view-line_text):not(.elementor-widget-divider--view-line_icon) .elementor-divider-separator{border-top:var(--divider-border-width) var(--divider-border-style) var(--divider-color)}.elementor-widget-divider--separator-type-pattern{--divider-border-style:none}.elementor-widget-divider--separator-type-pattern.elementor-widget-divider--view-line .elementor-divider-separator,.elementor-widget-divider--separator-type-pattern:not(.elementor-widget-divider--view-line) .elementor-divider-separator:after,.elementor-widget-divider--separator-type-pattern:not(.elementor-widget-divider--view-line) .elementor-divider-separator:before,.elementor-widget-divider--separator-type-pattern:not([class*=elementor-widget-divider--view]) .elementor-divider-separator{width:100%;min-height:var(--divider-pattern-height);-webkit-mask-size:var(--divider-pattern-size) 100%;mask-size:var(--divider-pattern-size) 100%;-webkit-mask-repeat:var(--divider-pattern-repeat);mask-repeat:var(--divider-pattern-repeat);background-color:var(--divider-color);-webkit-mask-image:var(--divider-pattern-url);mask-image:var(--divider-pattern-url)}.elementor-widget-divider--no-spacing{--divider-pattern-size:auto}.elementor-widget-divider--bg-round{--divider-pattern-repeat:round}.rtl .elementor-widget-divider .elementor-divider__text{direction:rtl}.e-con-inner>.elementor-widget-divider,.e-con>.elementor-widget-divider{width:var(--container-widget-width,100%);--flex-grow:var(--container-widget-flex-grow)}<\/style>\t\t<div class=\"elementor-divider\">\n\t\t\t<span class=\"elementor-divider-separator\">\n\t\t\t\t\t\t<\/span>\n\t\t<\/div>\n\t\t\t\t<\/div>\n\t\t\t\t<\/div>\n\t\t\t\t\t<\/div>\n\t\t<\/div>\n\t\t\t\t<div class=\"elementor-column elementor-col-50 elementor-top-column elementor-element elementor-element-2ceb3485\" data-id=\"2ceb3485\" data-element_type=\"column\" data-settings=\"{&quot;background_background&quot;:&quot;classic&quot;}\">\n\t\t\t<div class=\"elementor-widget-wrap elementor-element-populated\">\n\t\t\t\t\t\t\t\t<div class=\"elementor-element elementor-element-7b87f53a elementor-align-right elementor-widget elementor-widget-breadcrumbs\" data-id=\"7b87f53a\" data-element_type=\"widget\" data-widget_type=\"breadcrumbs.default\">\n\t\t\t\t<div class=\"elementor-widget-container\">\n\t\t\t<link rel=\"stylesheet\" href=\"https:\/\/zwei2eins.de\/wp-content\/plugins\/elementor-pro\/assets\/css\/widget-theme-elements.min.css\"><p id=\"breadcrumbs\"><span><span><a href=\"https:\/\/zwei2eins.de\/de\/\">Startseite<\/a><\/span><\/span><\/p>\t\t<\/div>\n\t\t\t\t<\/div>\n\t\t\t\t\t<\/div>\n\t\t<\/div>\n\t\t\t\t\t\t\t<\/div>\n\t\t<\/section>\n\t\t\t\t<section class=\"elementor-section elementor-top-section elementor-element elementor-element-64d6a8d0 elementor-section-boxed elementor-section-height-default elementor-section-height-default\" data-id=\"64d6a8d0\" data-element_type=\"section\">\n\t\t\t\t\t\t<div class=\"elementor-container elementor-column-gap-default\">\n\t\t\t\t\t<div class=\"elementor-column elementor-col-33 elementor-top-column elementor-element elementor-element-244f2b07\" data-id=\"244f2b07\" data-element_type=\"column\" data-settings=\"{&quot;background_background&quot;:&quot;classic&quot;}\">\n\t\t\t<div class=\"elementor-widget-wrap elementor-element-populated\">\n\t\t\t\t\t\t\t\t<div class=\"elementor-element elementor-element-1b783121 elementor-widget elementor-widget-heading\" data-id=\"1b783121\" data-element_type=\"widget\" data-widget_type=\"heading.default\">\n\t\t\t\t<div class=\"elementor-widget-container\">\n\t\t\t<h2 class=\"elementor-heading-title elementor-size-default\">Haftungsrisiken erkennen.<\/h2>\t\t<\/div>\n\t\t\t\t<\/div>\n\t\t\t\t<div class=\"elementor-element elementor-element-3c62e75a elementor-widget elementor-widget-text-editor\" data-id=\"3c62e75a\" data-element_type=\"widget\" data-widget_type=\"text-editor.default\">\n\t\t\t\t<div class=\"elementor-widget-container\">\n\t\t\t<style>\/*! elementor - v3.15.0 - 20-08-2023 *\/\n.elementor-widget-text-editor.elementor-drop-cap-view-stacked .elementor-drop-cap{background-color:#69727d;color:#fff}.elementor-widget-text-editor.elementor-drop-cap-view-framed .elementor-drop-cap{color:#69727d;border:3px solid;background-color:transparent}.elementor-widget-text-editor:not(.elementor-drop-cap-view-default) .elementor-drop-cap{margin-top:8px}.elementor-widget-text-editor:not(.elementor-drop-cap-view-default) .elementor-drop-cap-letter{width:1em;height:1em}.elementor-widget-text-editor .elementor-drop-cap{float:left;text-align:center;line-height:1;font-size:50px}.elementor-widget-text-editor .elementor-drop-cap-letter{display:inline-block}<\/style>\t\t\t\t<p><strong>Im Falle einer psychischen Erkrankung<\/strong> eines Besch\u00e4ftigten drohen dem Arbeitgeber bei fehlender \/ unzureichender Pr\u00e4vention finanzielle Forderungen zur Kostenerstattung von Seiten der Berufsgenossenschaften, der Rentenversicherungen oder der Gewerbeaufsichts\u00e4mter.<\/p>\t\t\t\t\t\t<\/div>\n\t\t\t\t<\/div>\n\t\t\t\t<div class=\"elementor-element elementor-element-65394441 elementor-widget elementor-widget-spacer\" data-id=\"65394441\" data-element_type=\"widget\" data-widget_type=\"spacer.default\">\n\t\t\t\t<div class=\"elementor-widget-container\">\n\t\t\t<style>\/*! elementor - v3.15.0 - 20-08-2023 *\/\n.elementor-column .elementor-spacer-inner{height:var(--spacer-size)}.e-con{--container-widget-width:100%}.e-con-inner>.elementor-widget-spacer,.e-con>.elementor-widget-spacer{width:var(--container-widget-width,var(--spacer-size));--align-self:var(--container-widget-align-self,initial);--flex-shrink:0}.e-con-inner>.elementor-widget-spacer>.elementor-widget-container,.e-con-inner>.elementor-widget-spacer>.elementor-widget-container>.elementor-spacer,.e-con>.elementor-widget-spacer>.elementor-widget-container,.e-con>.elementor-widget-spacer>.elementor-widget-container>.elementor-spacer{height:100%}.e-con-inner>.elementor-widget-spacer>.elementor-widget-container>.elementor-spacer>.elementor-spacer-inner,.e-con>.elementor-widget-spacer>.elementor-widget-container>.elementor-spacer>.elementor-spacer-inner{height:var(--container-widget-height,var(--spacer-size))}<\/style>\t\t<div class=\"elementor-spacer\">\n\t\t\t<div class=\"elementor-spacer-inner\"><\/div>\n\t\t<\/div>\n\t\t\t\t<\/div>\n\t\t\t\t<\/div>\n\t\t\t\t\t<\/div>\n\t\t<\/div>\n\t\t\t\t<div class=\"elementor-column elementor-col-33 elementor-top-column elementor-element elementor-element-006ebe0\" data-id=\"006ebe0\" data-element_type=\"column\" data-settings=\"{&quot;background_background&quot;:&quot;classic&quot;}\">\n\t\t\t<div class=\"elementor-widget-wrap elementor-element-populated\">\n\t\t\t\t\t\t\t\t<div class=\"elementor-element elementor-element-0f3a061 elementor-widget elementor-widget-heading\" data-id=\"0f3a061\" data-element_type=\"widget\" data-widget_type=\"heading.default\">\n\t\t\t\t<div class=\"elementor-widget-container\">\n\t\t\t<h2 class=\"elementor-heading-title elementor-size-default\">Kosten & Fehltage senken.<\/h2>\t\t<\/div>\n\t\t\t\t<\/div>\n\t\t\t\t<div class=\"elementor-element elementor-element-08c9397 elementor-widget elementor-widget-text-editor\" data-id=\"08c9397\" data-element_type=\"widget\" data-widget_type=\"text-editor.default\">\n\t\t\t\t<div class=\"elementor-widget-container\">\n\t\t\t\t\t\t\t<p><strong>Senken Sie Fehltage und damit Personalkosten im Unternehmen:<\/strong><\/p><p>Psychische Belastungen, emotionale Bindung an das Unternehmen und Fehltage stehen in direktem Zusammenhang (GALLUP \u201eEngagement Index 2017\u201c).<\/p><p>Aktuell z\u00e4hlen nur noch ca. 15% der Besch\u00e4ftigten zu jenen Mitarbeitenden, die eine hohe Bindung an das Unternehmen haben.<\/p><p>Mehr als 85% der Besch\u00e4ftigten haben innerlich gek\u00fcndigt oder machen nur \u201eDienst nach Vorschrift\u201c. Sie haben durchschnittlich 5 Fehltage mehr pro Jahr als die emotional gebundenen Mitarbeiter.<\/p>\t\t\t\t\t\t<\/div>\n\t\t\t\t<\/div>\n\t\t\t\t<div class=\"elementor-element elementor-element-34eab34 elementor-widget elementor-widget-spacer\" data-id=\"34eab34\" data-element_type=\"widget\" data-widget_type=\"spacer.default\">\n\t\t\t\t<div class=\"elementor-widget-container\">\n\t\t\t\t\t<div class=\"elementor-spacer\">\n\t\t\t<div class=\"elementor-spacer-inner\"><\/div>\n\t\t<\/div>\n\t\t\t\t<\/div>\n\t\t\t\t<\/div>\n\t\t\t\t\t<\/div>\n\t\t<\/div>\n\t\t\t\t<div class=\"elementor-column elementor-col-33 elementor-top-column elementor-element elementor-element-1df30a0\" data-id=\"1df30a0\" data-element_type=\"column\" data-settings=\"{&quot;background_background&quot;:&quot;classic&quot;}\">\n\t\t\t<div class=\"elementor-widget-wrap elementor-element-populated\">\n\t\t\t\t\t\t\t\t<div class=\"elementor-element elementor-element-c236055 elementor-widget elementor-widget-heading\" data-id=\"c236055\" data-element_type=\"widget\" data-widget_type=\"heading.default\">\n\t\t\t\t<div class=\"elementor-widget-container\">\n\t\t\t<h2 class=\"elementor-heading-title elementor-size-default\">Leistungsf\u00e4hig & fit bleiben.<\/h2>\t\t<\/div>\n\t\t\t\t<\/div>\n\t\t\t\t<div class=\"elementor-element elementor-element-9cfa9eb elementor-widget elementor-widget-text-editor\" data-id=\"9cfa9eb\" data-element_type=\"widget\" data-widget_type=\"text-editor.default\">\n\t\t\t\t<div class=\"elementor-widget-container\">\n\t\t\t\t\t\t\t<p><strong>Handeln Sie!<\/strong><\/p><p>Indem Sie psychische Gef\u00e4hrdungen erkennen lernen und vermeiden k\u00f6nnen.<\/p><p>Wir bieten regelm\u00e4\u00dfig Informationsveranstaltungen, Seminare und Workshops f\u00fcr Gesch\u00e4ftsf\u00fchrer und Mitarbeiter an.<\/p><p>Wir unterst\u00fctzen und vermitteln auch kleineren und mittelst\u00e4ndischen Unternehmen (KMUs) pragmatisch und mit klarem Kosten-Nutzen-Fokus, wie Sie Ihre Mitarbeitenden leistungsf\u00e4hig und mental fit halten k\u00f6nnen und dabei den gesetzlichen Anforderungen gerecht werden.<\/p><p>Wir f\u00fchren Gef\u00e4hrdungsbeurteilungen durch, unterst\u00fctzen Sie bei der Analyse der Ergebnisse und bei Umsetzung von Ma\u00dfnahmen.<\/p>\t\t\t\t\t\t<\/div>\n\t\t\t\t<\/div>\n\t\t\t\t\t<\/div>\n\t\t<\/div>\n\t\t\t\t\t\t\t<\/div>\n\t\t<\/section>\n\t\t\t\t<section class=\"elementor-section elementor-top-section elementor-element elementor-element-5519f59 elementor-section-boxed elementor-section-height-default elementor-section-height-default\" data-id=\"5519f59\" data-element_type=\"section\">\n\t\t\t\t\t\t<div class=\"elementor-container elementor-column-gap-default\">\n\t\t\t\t\t<div class=\"elementor-column elementor-col-100 elementor-top-column elementor-element elementor-element-da3c1a2\" data-id=\"da3c1a2\" data-element_type=\"column\" data-settings=\"{&quot;background_background&quot;:&quot;classic&quot;}\">\n\t\t\t<div class=\"elementor-widget-wrap elementor-element-populated\">\n\t\t\t\t\t\t\t\t<div class=\"elementor-element elementor-element-4d3e628 elementor-widget elementor-widget-button\" data-id=\"4d3e628\" data-element_type=\"widget\" data-widget_type=\"button.default\">\n\t\t\t\t<div class=\"elementor-widget-container\">\n\t\t\t\t\t<div class=\"elementor-button-wrapper\">\n\t\t\t<a class=\"elementor-button elementor-button-link elementor-size-sm\" href=\"\/kontakt\/\">\n\t\t\t\t\t\t<span class=\"elementor-button-content-wrapper\">\n\t\t\t\t\t\t<span class=\"elementor-button-text\">Sprechen Sie uns auf unsere Seminarangebote an!<\/span>\n\t\t<\/span>\n\t\t\t\t\t<\/a>\n\t\t<\/div>\n\t\t\t\t<\/div>\n\t\t\t\t<\/div>\n\t\t\t\t<div class=\"elementor-element elementor-element-bb4063b elementor-widget elementor-widget-spacer\" data-id=\"bb4063b\" data-element_type=\"widget\" data-widget_type=\"spacer.default\">\n\t\t\t\t<div class=\"elementor-widget-container\">\n\t\t\t\t\t<div class=\"elementor-spacer\">\n\t\t\t<div class=\"elementor-spacer-inner\"><\/div>\n\t\t<\/div>\n\t\t\t\t<\/div>\n\t\t\t\t<\/div>\n\t\t\t\t\t<\/div>\n\t\t<\/div>\n\t\t\t\t\t\t\t<\/div>\n\t\t<\/section>\n\t\t\t\t\t\t\t<\/div>\n\t\t","protected":false},"excerpt":{"rendered":"<p>Warum Gesundheitspr\u00e4vention f\u00fcr Sie und Ihr Unternehmen wichtig ist Haftungsrisiken erkennen. Im Falle einer psychischen Erkrankung eines Besch\u00e4ftigten drohen dem Arbeitgeber bei fehlender \/ unzureichender Pr\u00e4vention finanzielle Forderungen zur Kostenerstattung von Seiten der Berufsgenossenschaften, der Rentenversicherungen oder der Gewerbeaufsichts\u00e4mter. Kosten &amp; Fehltage senken. Senken Sie Fehltage und damit Personalkosten im Unternehmen: Psychische Belastungen, emotionale Bindung [&hellip;]<\/p>\n","protected":false},"author":1,"featured_media":0,"parent":57,"menu_order":0,"comment_status":"closed","ping_status":"closed","template":"","meta":{"footnotes":""},"class_list":["post-63","page","type-page","status-publish","hentry"],"yoast_head":"<!-- This site is optimized with the Yoast SEO plugin v21.0 - https:\/\/yoast.com\/wordpress\/plugins\/seo\/ -->\n<title>Warum Gesundheitspr\u00e4vention f\u00fcr Sie und Ihr Unternehmen wichtig ist - zwei2eins<\/title>\n<meta name=\"description\" content=\"Warum Gesundheitspr\u00e4vention f\u00fcr Sie und Ihr Unternehmen wichtig ist Haftungsrisiken erkennen. Im Falle einer psychischen Erkrankung eines Besch\u00e4ftigten drohen dem Arbeitgeber bei fehlender \/ unzureichender Pr\u00e4vention finanzielle Forderungen zur Kostenerstattung von Seiten der Berufsgenossenschaften, der Rentenversicherungen oder der Gewerbeaufsichts\u00e4mter\" \/>\n<meta name=\"robots\" content=\"index, follow, max-snippet:-1, max-image-preview:large, max-video-preview:-1\" \/>\n<link rel=\"canonical\" href=\"https:\/\/zwei2eins.de\/de\/what\/gesundheit\/gruende\/\" \/>\n<meta property=\"og:locale\" content=\"de_DE\" \/>\n<meta property=\"og:type\" content=\"article\" \/>\n<meta property=\"og:title\" content=\"Warum Gesundheitspr\u00e4vention f\u00fcr Sie und Ihr Unternehmen wichtig ist - zwei2eins\" \/>\n<meta property=\"og:description\" content=\"Warum Gesundheitspr\u00e4vention f\u00fcr Sie und Ihr Unternehmen wichtig ist Haftungsrisiken erkennen. Im Falle einer psychischen Erkrankung eines Besch\u00e4ftigten drohen dem Arbeitgeber bei fehlender \/ unzureichender Pr\u00e4vention finanzielle Forderungen zur Kostenerstattung von Seiten der Berufsgenossenschaften, der Rentenversicherungen oder der Gewerbeaufsichts\u00e4mter\" \/>\n<meta property=\"og:url\" content=\"https:\/\/zwei2eins.de\/de\/what\/gesundheit\/gruende\/\" \/>\n<meta property=\"og:site_name\" content=\"zwei2eins\" \/>\n<meta property=\"article:modified_time\" content=\"2023-01-17T06:37:50+00:00\" \/>\n<meta name=\"twitter:card\" content=\"summary_large_image\" \/>\n<meta name=\"twitter:label1\" content=\"Gesch\u00e4tzte Lesezeit\" \/>\n\t<meta name=\"twitter:data1\" content=\"2\u00a0Minuten\" \/>\n<script type=\"application\/ld+json\" class=\"yoast-schema-graph\">{\"@context\":\"https:\/\/schema.org\",\"@graph\":[{\"@type\":\"WebPage\",\"@id\":\"https:\/\/zwei2eins.de\/de\/what\/gesundheit\/gruende\/\",\"url\":\"https:\/\/zwei2eins.de\/de\/what\/gesundheit\/gruende\/\",\"name\":\"Warum Gesundheitspr\u00e4vention f\u00fcr Sie und Ihr Unternehmen wichtig ist - zwei2eins\",\"isPartOf\":{\"@id\":\"https:\/\/zwei2eins.de\/de\/#website\"},\"datePublished\":\"2023-01-10T14:06:25+00:00\",\"dateModified\":\"2023-01-17T06:37:50+00:00\",\"description\":\"Warum Gesundheitspr\u00e4vention f\u00fcr Sie und Ihr Unternehmen wichtig ist Haftungsrisiken erkennen. Im Falle einer psychischen Erkrankung eines Besch\u00e4ftigten drohen dem Arbeitgeber bei fehlender \/ unzureichender Pr\u00e4vention finanzielle Forderungen zur Kostenerstattung von Seiten der Berufsgenossenschaften, der Rentenversicherungen oder der Gewerbeaufsichts\u00e4mter\",\"breadcrumb\":{\"@id\":\"https:\/\/zwei2eins.de\/de\/what\/gesundheit\/gruende\/#breadcrumb\"},\"inLanguage\":\"de\",\"potentialAction\":[{\"@type\":\"ReadAction\",\"target\":[\"https:\/\/zwei2eins.de\/de\/what\/gesundheit\/gruende\/\"]}]},{\"@type\":\"BreadcrumbList\",\"@id\":\"https:\/\/zwei2eins.de\/de\/what\/gesundheit\/gruende\/#breadcrumb\",\"itemListElement\":[{\"@type\":\"ListItem\",\"position\":1,\"name\":\"Startseite\",\"item\":\"https:\/\/zwei2eins.de\/de\/\"},{\"@type\":\"ListItem\",\"position\":2,\"name\":\"What\",\"item\":\"https:\/\/zwei2eins.de\/de\/what\/\"},{\"@type\":\"ListItem\",\"position\":3,\"name\":\"Gesundheit\",\"item\":\"https:\/\/zwei2eins.de\/de\/what\/gesundheit\/\"},{\"@type\":\"ListItem\",\"position\":4,\"name\":\"Warum Gesundheitspr\u00e4vention f\u00fcr Sie und Ihr Unternehmen wichtig ist\"}]},{\"@type\":\"WebSite\",\"@id\":\"https:\/\/zwei2eins.de\/de\/#website\",\"url\":\"https:\/\/zwei2eins.de\/de\/\",\"name\":\"zwei2eins\",\"description\":\"Die Performance-Steigerer\",\"publisher\":{\"@id\":\"https:\/\/zwei2eins.de\/de\/#organization\"},\"potentialAction\":[{\"@type\":\"SearchAction\",\"target\":{\"@type\":\"EntryPoint\",\"urlTemplate\":\"https:\/\/zwei2eins.de\/de\/?s={search_term_string}\"},\"query-input\":\"required name=search_term_string\"}],\"inLanguage\":\"de\"},{\"@type\":\"Organization\",\"@id\":\"https:\/\/zwei2eins.de\/de\/#organization\",\"name\":\"zwei2eins\",\"url\":\"https:\/\/zwei2eins.de\/de\/\",\"logo\":{\"@type\":\"ImageObject\",\"inLanguage\":\"de\",\"@id\":\"https:\/\/zwei2eins.de\/de\/#\/schema\/logo\/image\/\",\"url\":\"https:\/\/zwei2eins.de\/wp-content\/uploads\/2023\/01\/Zwei2Eins_TopConsultant.klein_.png\",\"contentUrl\":\"https:\/\/zwei2eins.de\/wp-content\/uploads\/2023\/01\/Zwei2Eins_TopConsultant.klein_.png\",\"width\":1015,\"height\":315,\"caption\":\"zwei2eins\"},\"image\":{\"@id\":\"https:\/\/zwei2eins.de\/de\/#\/schema\/logo\/image\/\"}}]}<\/script>\n<!-- \/ Yoast SEO plugin. -->","yoast_head_json":{"title":"Warum Gesundheitspr\u00e4vention f\u00fcr Sie und Ihr Unternehmen wichtig ist - zwei2eins","description":"Warum Gesundheitspr\u00e4vention f\u00fcr Sie und Ihr Unternehmen wichtig ist Haftungsrisiken erkennen. Im Falle einer psychischen Erkrankung eines Besch\u00e4ftigten drohen dem Arbeitgeber bei fehlender \/ unzureichender Pr\u00e4vention finanzielle Forderungen zur Kostenerstattung von Seiten der Berufsgenossenschaften, der Rentenversicherungen oder der Gewerbeaufsichts\u00e4mter","robots":{"index":"index","follow":"follow","max-snippet":"max-snippet:-1","max-image-preview":"max-image-preview:large","max-video-preview":"max-video-preview:-1"},"canonical":"https:\/\/zwei2eins.de\/de\/what\/gesundheit\/gruende\/","og_locale":"de_DE","og_type":"article","og_title":"Warum Gesundheitspr\u00e4vention f\u00fcr Sie und Ihr Unternehmen wichtig ist - zwei2eins","og_description":"Warum Gesundheitspr\u00e4vention f\u00fcr Sie und Ihr Unternehmen wichtig ist Haftungsrisiken erkennen. Im Falle einer psychischen Erkrankung eines Besch\u00e4ftigten drohen dem Arbeitgeber bei fehlender \/ unzureichender Pr\u00e4vention finanzielle Forderungen zur Kostenerstattung von Seiten der Berufsgenossenschaften, der Rentenversicherungen oder der Gewerbeaufsichts\u00e4mter","og_url":"https:\/\/zwei2eins.de\/de\/what\/gesundheit\/gruende\/","og_site_name":"zwei2eins","article_modified_time":"2023-01-17T06:37:50+00:00","twitter_card":"summary_large_image","twitter_misc":{"Gesch\u00e4tzte Lesezeit":"2\u00a0Minuten"},"schema":{"@context":"https:\/\/schema.org","@graph":[{"@type":"WebPage","@id":"https:\/\/zwei2eins.de\/de\/what\/gesundheit\/gruende\/","url":"https:\/\/zwei2eins.de\/de\/what\/gesundheit\/gruende\/","name":"Warum Gesundheitspr\u00e4vention f\u00fcr Sie und Ihr Unternehmen wichtig ist - zwei2eins","isPartOf":{"@id":"https:\/\/zwei2eins.de\/de\/#website"},"datePublished":"2023-01-10T14:06:25+00:00","dateModified":"2023-01-17T06:37:50+00:00","description":"Warum Gesundheitspr\u00e4vention f\u00fcr Sie und Ihr Unternehmen wichtig ist Haftungsrisiken erkennen. Im Falle einer psychischen Erkrankung eines Besch\u00e4ftigten drohen dem Arbeitgeber bei fehlender \/ unzureichender Pr\u00e4vention finanzielle Forderungen zur Kostenerstattung von Seiten der Berufsgenossenschaften, der Rentenversicherungen oder der Gewerbeaufsichts\u00e4mter","breadcrumb":{"@id":"https:\/\/zwei2eins.de\/de\/what\/gesundheit\/gruende\/#breadcrumb"},"inLanguage":"de","potentialAction":[{"@type":"ReadAction","target":["https:\/\/zwei2eins.de\/de\/what\/gesundheit\/gruende\/"]}]},{"@type":"BreadcrumbList","@id":"https:\/\/zwei2eins.de\/de\/what\/gesundheit\/gruende\/#breadcrumb","itemListElement":[{"@type":"ListItem","position":1,"name":"Startseite","item":"https:\/\/zwei2eins.de\/de\/"},{"@type":"ListItem","position":2,"name":"What","item":"https:\/\/zwei2eins.de\/de\/what\/"},{"@type":"ListItem","position":3,"name":"Gesundheit","item":"https:\/\/zwei2eins.de\/de\/what\/gesundheit\/"},{"@type":"ListItem","position":4,"name":"Warum Gesundheitspr\u00e4vention f\u00fcr Sie und Ihr Unternehmen wichtig ist"}]},{"@type":"WebSite","@id":"https:\/\/zwei2eins.de\/de\/#website","url":"https:\/\/zwei2eins.de\/de\/","name":"zwei2eins","description":"Die Performance-Steigerer","publisher":{"@id":"https:\/\/zwei2eins.de\/de\/#organization"},"potentialAction":[{"@type":"SearchAction","target":{"@type":"EntryPoint","urlTemplate":"https:\/\/zwei2eins.de\/de\/?s={search_term_string}"},"query-input":"required name=search_term_string"}],"inLanguage":"de"},{"@type":"Organization","@id":"https:\/\/zwei2eins.de\/de\/#organization","name":"zwei2eins","url":"https:\/\/zwei2eins.de\/de\/","logo":{"@type":"ImageObject","inLanguage":"de","@id":"https:\/\/zwei2eins.de\/de\/#\/schema\/logo\/image\/","url":"https:\/\/zwei2eins.de\/wp-content\/uploads\/2023\/01\/Zwei2Eins_TopConsultant.klein_.png","contentUrl":"https:\/\/zwei2eins.de\/wp-content\/uploads\/2023\/01\/Zwei2Eins_TopConsultant.klein_.png","width":1015,"height":315,"caption":"zwei2eins"},"image":{"@id":"https:\/\/zwei2eins.de\/de\/#\/schema\/logo\/image\/"}}]}},"_links":{"self":[{"href":"https:\/\/zwei2eins.de\/de\/wp-json\/wp\/v2\/pages\/63","targetHints":{"allow":["GET"]}}],"collection":[{"href":"https:\/\/zwei2eins.de\/de\/wp-json\/wp\/v2\/pages"}],"about":[{"href":"https:\/\/zwei2eins.de\/de\/wp-json\/wp\/v2\/types\/page"}],"author":[{"embeddable":true,"href":"https:\/\/zwei2eins.de\/de\/wp-json\/wp\/v2\/users\/1"}],"replies":[{"embeddable":true,"href":"https:\/\/zwei2eins.de\/de\/wp-json\/wp\/v2\/comments?post=63"}],"version-history":[{"count":14,"href":"https:\/\/zwei2eins.de\/de\/wp-json\/wp\/v2\/pages\/63\/revisions"}],"predecessor-version":[{"id":906,"href":"https:\/\/zwei2eins.de\/de\/wp-json\/wp\/v2\/pages\/63\/revisions\/906"}],"up":[{"embeddable":true,"href":"https:\/\/zwei2eins.de\/de\/wp-json\/wp\/v2\/pages\/57"}],"wp:attachment":[{"href":"https:\/\/zwei2eins.de\/de\/wp-json\/wp\/v2\/media?parent=63"}],"curies":[{"name":"wp","href":"https:\/\/api.w.org\/{rel}","templated":true}]}}