{"id":57,"date":"2023-01-10T15:05:19","date_gmt":"2023-01-10T14:05:19","guid":{"rendered":"https:\/\/zwei2eins.de\/?page_id=57"},"modified":"2023-01-17T07:36:21","modified_gmt":"2023-01-17T06:36:21","slug":"gesundheit","status":"publish","type":"page","link":"https:\/\/zwei2eins.de\/de\/what\/gesundheit\/","title":{"rendered":"Gesundheit"},"content":{"rendered":"\t\t<div data-elementor-type=\"wp-page\" data-elementor-id=\"57\" class=\"elementor elementor-57\" data-elementor-post-type=\"page\">\n\t\t\t\t\t\t\t\t\t<section class=\"elementor-section elementor-top-section elementor-element elementor-element-5c0bfb6b elementor-section-boxed elementor-section-height-default elementor-section-height-default\" data-id=\"5c0bfb6b\" data-element_type=\"section\">\n\t\t\t\t\t\t<div class=\"elementor-container elementor-column-gap-default\">\n\t\t\t\t\t<div class=\"elementor-column elementor-col-50 elementor-top-column elementor-element elementor-element-50f0829f\" data-id=\"50f0829f\" data-element_type=\"column\" data-settings=\"{&quot;background_background&quot;:&quot;classic&quot;}\">\n\t\t\t<div class=\"elementor-widget-wrap elementor-element-populated\">\n\t\t\t\t\t\t\t\t<div class=\"elementor-element elementor-element-7890395b elementor-widget elementor-widget-heading\" data-id=\"7890395b\" data-element_type=\"widget\" data-widget_type=\"heading.default\">\n\t\t\t\t<div class=\"elementor-widget-container\">\n\t\t\t<style>\/*! elementor - v3.15.0 - 20-08-2023 *\/\n.elementor-heading-title{padding:0;margin:0;line-height:1}.elementor-widget-heading .elementor-heading-title[class*=elementor-size-]>a{color:inherit;font-size:inherit;line-height:inherit}.elementor-widget-heading .elementor-heading-title.elementor-size-small{font-size:15px}.elementor-widget-heading .elementor-heading-title.elementor-size-medium{font-size:19px}.elementor-widget-heading .elementor-heading-title.elementor-size-large{font-size:29px}.elementor-widget-heading .elementor-heading-title.elementor-size-xl{font-size:39px}.elementor-widget-heading .elementor-heading-title.elementor-size-xxl{font-size:59px}<\/style><h1 class=\"elementor-heading-title elementor-size-default\">Gesundheit<\/h1>\t\t<\/div>\n\t\t\t\t<\/div>\n\t\t\t\t<div class=\"elementor-element elementor-element-9597145 elementor-widget-divider--view-line elementor-widget elementor-widget-divider\" data-id=\"9597145\" data-element_type=\"widget\" data-widget_type=\"divider.default\">\n\t\t\t\t<div class=\"elementor-widget-container\">\n\t\t\t<style>\/*! elementor - v3.15.0 - 20-08-2023 *\/\n.elementor-widget-divider{--divider-border-style:none;--divider-border-width:1px;--divider-color:#0c0d0e;--divider-icon-size:20px;--divider-element-spacing:10px;--divider-pattern-height:24px;--divider-pattern-size:20px;--divider-pattern-url:none;--divider-pattern-repeat:repeat-x}.elementor-widget-divider .elementor-divider{display:flex}.elementor-widget-divider .elementor-divider__text{font-size:15px;line-height:1;max-width:95%}.elementor-widget-divider .elementor-divider__element{margin:0 var(--divider-element-spacing);flex-shrink:0}.elementor-widget-divider .elementor-icon{font-size:var(--divider-icon-size)}.elementor-widget-divider .elementor-divider-separator{display:flex;margin:0;direction:ltr}.elementor-widget-divider--view-line_icon .elementor-divider-separator,.elementor-widget-divider--view-line_text .elementor-divider-separator{align-items:center}.elementor-widget-divider--view-line_icon .elementor-divider-separator:after,.elementor-widget-divider--view-line_icon .elementor-divider-separator:before,.elementor-widget-divider--view-line_text .elementor-divider-separator:after,.elementor-widget-divider--view-line_text .elementor-divider-separator:before{display:block;content:\"\";border-bottom:0;flex-grow:1;border-top:var(--divider-border-width) var(--divider-border-style) var(--divider-color)}.elementor-widget-divider--element-align-left .elementor-divider .elementor-divider-separator>.elementor-divider__svg:first-of-type{flex-grow:0;flex-shrink:100}.elementor-widget-divider--element-align-left .elementor-divider-separator:before{content:none}.elementor-widget-divider--element-align-left .elementor-divider__element{margin-left:0}.elementor-widget-divider--element-align-right .elementor-divider .elementor-divider-separator>.elementor-divider__svg:last-of-type{flex-grow:0;flex-shrink:100}.elementor-widget-divider--element-align-right .elementor-divider-separator:after{content:none}.elementor-widget-divider--element-align-right .elementor-divider__element{margin-right:0}.elementor-widget-divider:not(.elementor-widget-divider--view-line_text):not(.elementor-widget-divider--view-line_icon) .elementor-divider-separator{border-top:var(--divider-border-width) var(--divider-border-style) var(--divider-color)}.elementor-widget-divider--separator-type-pattern{--divider-border-style:none}.elementor-widget-divider--separator-type-pattern.elementor-widget-divider--view-line .elementor-divider-separator,.elementor-widget-divider--separator-type-pattern:not(.elementor-widget-divider--view-line) .elementor-divider-separator:after,.elementor-widget-divider--separator-type-pattern:not(.elementor-widget-divider--view-line) .elementor-divider-separator:before,.elementor-widget-divider--separator-type-pattern:not([class*=elementor-widget-divider--view]) .elementor-divider-separator{width:100%;min-height:var(--divider-pattern-height);-webkit-mask-size:var(--divider-pattern-size) 100%;mask-size:var(--divider-pattern-size) 100%;-webkit-mask-repeat:var(--divider-pattern-repeat);mask-repeat:var(--divider-pattern-repeat);background-color:var(--divider-color);-webkit-mask-image:var(--divider-pattern-url);mask-image:var(--divider-pattern-url)}.elementor-widget-divider--no-spacing{--divider-pattern-size:auto}.elementor-widget-divider--bg-round{--divider-pattern-repeat:round}.rtl .elementor-widget-divider .elementor-divider__text{direction:rtl}.e-con-inner>.elementor-widget-divider,.e-con>.elementor-widget-divider{width:var(--container-widget-width,100%);--flex-grow:var(--container-widget-flex-grow)}<\/style>\t\t<div class=\"elementor-divider\">\n\t\t\t<span class=\"elementor-divider-separator\">\n\t\t\t\t\t\t<\/span>\n\t\t<\/div>\n\t\t\t\t<\/div>\n\t\t\t\t<\/div>\n\t\t\t\t\t<\/div>\n\t\t<\/div>\n\t\t\t\t<div class=\"elementor-column elementor-col-50 elementor-top-column elementor-element elementor-element-670ab7d1\" data-id=\"670ab7d1\" data-element_type=\"column\" data-settings=\"{&quot;background_background&quot;:&quot;classic&quot;}\">\n\t\t\t<div class=\"elementor-widget-wrap elementor-element-populated\">\n\t\t\t\t\t\t\t\t<div class=\"elementor-element elementor-element-1947d7e0 elementor-align-right elementor-widget elementor-widget-breadcrumbs\" data-id=\"1947d7e0\" data-element_type=\"widget\" data-widget_type=\"breadcrumbs.default\">\n\t\t\t\t<div class=\"elementor-widget-container\">\n\t\t\t<link rel=\"stylesheet\" href=\"https:\/\/zwei2eins.de\/wp-content\/plugins\/elementor-pro\/assets\/css\/widget-theme-elements.min.css\"><p id=\"breadcrumbs\"><span><span><a href=\"https:\/\/zwei2eins.de\/de\/\">Startseite<\/a><\/span><\/span><\/p>\t\t<\/div>\n\t\t\t\t<\/div>\n\t\t\t\t\t<\/div>\n\t\t<\/div>\n\t\t\t\t\t\t\t<\/div>\n\t\t<\/section>\n\t\t\t\t<section class=\"elementor-section elementor-top-section elementor-element elementor-element-475c2458 elementor-section-boxed elementor-section-height-default elementor-section-height-default\" data-id=\"475c2458\" data-element_type=\"section\">\n\t\t\t\t\t\t<div class=\"elementor-container elementor-column-gap-default\">\n\t\t\t\t\t<div class=\"elementor-column elementor-col-100 elementor-top-column elementor-element elementor-element-f69ec36\" data-id=\"f69ec36\" data-element_type=\"column\" data-settings=\"{&quot;background_background&quot;:&quot;classic&quot;}\">\n\t\t\t<div class=\"elementor-widget-wrap elementor-element-populated\">\n\t\t\t\t\t\t\t\t<div class=\"elementor-element elementor-element-495bd125 elementor-widget elementor-widget-image\" data-id=\"495bd125\" data-element_type=\"widget\" data-widget_type=\"image.default\">\n\t\t\t\t<div class=\"elementor-widget-container\">\n\t\t\t<style>\/*! elementor - v3.15.0 - 20-08-2023 *\/\n.elementor-widget-image{text-align:center}.elementor-widget-image a{display:inline-block}.elementor-widget-image a img[src$=\".svg\"]{width:48px}.elementor-widget-image img{vertical-align:middle;display:inline-block}<\/style>\t\t\t\t\t\t\t\t\t\t\t\t<img loading=\"lazy\" decoding=\"async\" width=\"1199\" height=\"439\" src=\"https:\/\/zwei2eins.de\/wp-content\/uploads\/2023\/01\/221-wald.png\" class=\"attachment-full size-full wp-image-394\" alt=\"\" srcset=\"https:\/\/zwei2eins.de\/wp-content\/uploads\/2023\/01\/221-wald.png 1199w, https:\/\/zwei2eins.de\/wp-content\/uploads\/2023\/01\/221-wald-300x110.png 300w, https:\/\/zwei2eins.de\/wp-content\/uploads\/2023\/01\/221-wald-1024x375.png 1024w, https:\/\/zwei2eins.de\/wp-content\/uploads\/2023\/01\/221-wald-768x281.png 768w\" sizes=\"auto, (max-width: 1199px) 100vw, 1199px\" \/>\t\t\t\t\t\t\t\t\t\t\t\t\t\t\t<\/div>\n\t\t\t\t<\/div>\n\t\t\t\t\t<\/div>\n\t\t<\/div>\n\t\t\t\t\t\t\t<\/div>\n\t\t<\/section>\n\t\t\t\t<section class=\"elementor-section elementor-top-section elementor-element elementor-element-1533d7ca elementor-section-boxed elementor-section-height-default elementor-section-height-default\" data-id=\"1533d7ca\" data-element_type=\"section\">\n\t\t\t\t\t\t<div class=\"elementor-container elementor-column-gap-default\">\n\t\t\t\t\t<div class=\"elementor-column elementor-col-100 elementor-top-column elementor-element elementor-element-2040946d\" data-id=\"2040946d\" data-element_type=\"column\" data-settings=\"{&quot;background_background&quot;:&quot;classic&quot;}\">\n\t\t\t<div class=\"elementor-widget-wrap elementor-element-populated\">\n\t\t\t\t\t\t\t\t<div class=\"elementor-element elementor-element-227d8bca elementor-widget elementor-widget-heading\" data-id=\"227d8bca\" data-element_type=\"widget\" data-widget_type=\"heading.default\">\n\t\t\t\t<div class=\"elementor-widget-container\">\n\t\t\t<h2 class=\"elementor-heading-title elementor-size-default\">Unternehmen mit gesunder Leistungskultur verstehen die Gesundheit ihrer Mitarbeiter als Managementaufgabe. <\/h2>\t\t<\/div>\n\t\t\t\t<\/div>\n\t\t\t\t<div class=\"elementor-element elementor-element-3e18b039 elementor-widget elementor-widget-text-editor\" data-id=\"3e18b039\" data-element_type=\"widget\" data-widget_type=\"text-editor.default\">\n\t\t\t\t<div class=\"elementor-widget-container\">\n\t\t\t<style>\/*! elementor - v3.15.0 - 20-08-2023 *\/\n.elementor-widget-text-editor.elementor-drop-cap-view-stacked .elementor-drop-cap{background-color:#69727d;color:#fff}.elementor-widget-text-editor.elementor-drop-cap-view-framed .elementor-drop-cap{color:#69727d;border:3px solid;background-color:transparent}.elementor-widget-text-editor:not(.elementor-drop-cap-view-default) .elementor-drop-cap{margin-top:8px}.elementor-widget-text-editor:not(.elementor-drop-cap-view-default) .elementor-drop-cap-letter{width:1em;height:1em}.elementor-widget-text-editor .elementor-drop-cap{float:left;text-align:center;line-height:1;font-size:50px}.elementor-widget-text-editor .elementor-drop-cap-letter{display:inline-block}<\/style>\t\t\t\t<p>Wir unterst\u00fctzen Sie mit den folgenden Angeboten dabei, Gesundheit und Leistung wechselseitig aufeinander zu beziehen und so den Unternehmenswert nachhaltig zu steigern:<\/p><div class=\"list-2\"><ul><li><a href=\"\/what\/gesundheit\/fuehrung-und-gesundheit\/\">F\u00fchrung und Gesundheit<\/a><\/li><li><a href=\"\/what\/gesundheit\/gefaehrdungsbeurteilung\/\">Gef\u00e4hrungsbeurteilung<\/a><\/li><li><a href=\"\/what\/gesundheit\/gruende\/\">Gesundheitspr\u00e4vention<\/a><\/li><\/ul><\/div>\t\t\t\t\t\t<\/div>\n\t\t\t\t<\/div>\n\t\t\t\t<div class=\"elementor-element elementor-element-b4514a3 elementor-widget elementor-widget-spacer\" data-id=\"b4514a3\" data-element_type=\"widget\" data-widget_type=\"spacer.default\">\n\t\t\t\t<div class=\"elementor-widget-container\">\n\t\t\t<style>\/*! elementor - v3.15.0 - 20-08-2023 *\/\n.elementor-column .elementor-spacer-inner{height:var(--spacer-size)}.e-con{--container-widget-width:100%}.e-con-inner>.elementor-widget-spacer,.e-con>.elementor-widget-spacer{width:var(--container-widget-width,var(--spacer-size));--align-self:var(--container-widget-align-self,initial);--flex-shrink:0}.e-con-inner>.elementor-widget-spacer>.elementor-widget-container,.e-con-inner>.elementor-widget-spacer>.elementor-widget-container>.elementor-spacer,.e-con>.elementor-widget-spacer>.elementor-widget-container,.e-con>.elementor-widget-spacer>.elementor-widget-container>.elementor-spacer{height:100%}.e-con-inner>.elementor-widget-spacer>.elementor-widget-container>.elementor-spacer>.elementor-spacer-inner,.e-con>.elementor-widget-spacer>.elementor-widget-container>.elementor-spacer>.elementor-spacer-inner{height:var(--container-widget-height,var(--spacer-size))}<\/style>\t\t<div class=\"elementor-spacer\">\n\t\t\t<div class=\"elementor-spacer-inner\"><\/div>\n\t\t<\/div>\n\t\t\t\t<\/div>\n\t\t\t\t<\/div>\n\t\t\t\t\t<\/div>\n\t\t<\/div>\n\t\t\t\t\t\t\t<\/div>\n\t\t<\/section>\n\t\t\t\t\t\t\t<\/div>\n\t\t","protected":false},"excerpt":{"rendered":"<p>Gesundheit Unternehmen mit gesunder Leistungskultur verstehen die Gesundheit ihrer Mitarbeiter als Managementaufgabe. Wir unterst\u00fctzen Sie mit den folgenden Angeboten dabei, Gesundheit und Leistung wechselseitig aufeinander zu beziehen und so den Unternehmenswert nachhaltig zu steigern: F\u00fchrung und Gesundheit Gef\u00e4hrungsbeurteilung Gesundheitspr\u00e4vention<\/p>\n","protected":false},"author":1,"featured_media":0,"parent":49,"menu_order":0,"comment_status":"closed","ping_status":"closed","template":"","meta":{"footnotes":""},"class_list":["post-57","page","type-page","status-publish","hentry"],"yoast_head":"<!-- This site is optimized with the Yoast SEO plugin v21.0 - https:\/\/yoast.com\/wordpress\/plugins\/seo\/ -->\n<title>Gesundheit - zwei2eins<\/title>\n<meta name=\"description\" content=\"Unternehmen mit gesunder Leistungskultur verstehen die Gesundheit ihrer Mitarbeiter als Managementaufgabe. Wir unterst\u00fctzen Sie mit den folgenden Angeboten dabei, Gesundheit und Leistung wechselseitig aufeinander zu beziehen und so den Unternehmenswert nachhaltig zu steigern: F\u00fchrung und Gesundheit Gef\u00e4hrungsbeurteilung Gesundheitspr\u00e4vention\" \/>\n<meta name=\"robots\" content=\"index, follow, max-snippet:-1, max-image-preview:large, max-video-preview:-1\" \/>\n<link rel=\"canonical\" href=\"https:\/\/zwei2eins.de\/de\/what\/gesundheit\/\" \/>\n<meta property=\"og:locale\" content=\"de_DE\" \/>\n<meta property=\"og:type\" content=\"article\" \/>\n<meta property=\"og:title\" content=\"Gesundheit - zwei2eins\" \/>\n<meta property=\"og:description\" content=\"Unternehmen mit gesunder Leistungskultur verstehen die Gesundheit ihrer Mitarbeiter als Managementaufgabe. Wir unterst\u00fctzen Sie mit den folgenden Angeboten dabei, Gesundheit und Leistung wechselseitig aufeinander zu beziehen und so den Unternehmenswert nachhaltig zu steigern: F\u00fchrung und Gesundheit Gef\u00e4hrungsbeurteilung Gesundheitspr\u00e4vention\" \/>\n<meta property=\"og:url\" content=\"https:\/\/zwei2eins.de\/de\/what\/gesundheit\/\" \/>\n<meta property=\"og:site_name\" content=\"zwei2eins\" \/>\n<meta property=\"article:modified_time\" content=\"2023-01-17T06:36:21+00:00\" \/>\n<meta property=\"og:image\" content=\"https:\/\/zwei2eins.de\/wp-content\/uploads\/2023\/01\/221-wald.png\" \/>\n<meta name=\"twitter:card\" content=\"summary_large_image\" \/>\n<meta name=\"twitter:label1\" content=\"Gesch\u00e4tzte Lesezeit\" \/>\n\t<meta name=\"twitter:data1\" content=\"1\u00a0Minute\" \/>\n<script type=\"application\/ld+json\" class=\"yoast-schema-graph\">{\"@context\":\"https:\/\/schema.org\",\"@graph\":[{\"@type\":\"WebPage\",\"@id\":\"https:\/\/zwei2eins.de\/de\/what\/gesundheit\/\",\"url\":\"https:\/\/zwei2eins.de\/de\/what\/gesundheit\/\",\"name\":\"Gesundheit - zwei2eins\",\"isPartOf\":{\"@id\":\"https:\/\/zwei2eins.de\/de\/#website\"},\"datePublished\":\"2023-01-10T14:05:19+00:00\",\"dateModified\":\"2023-01-17T06:36:21+00:00\",\"description\":\"Unternehmen mit gesunder Leistungskultur verstehen die Gesundheit ihrer Mitarbeiter als Managementaufgabe. Wir unterst\u00fctzen Sie mit den folgenden Angeboten dabei, Gesundheit und Leistung wechselseitig aufeinander zu beziehen und so den Unternehmenswert nachhaltig zu steigern: F\u00fchrung und Gesundheit Gef\u00e4hrungsbeurteilung Gesundheitspr\u00e4vention\",\"breadcrumb\":{\"@id\":\"https:\/\/zwei2eins.de\/de\/what\/gesundheit\/#breadcrumb\"},\"inLanguage\":\"de\",\"potentialAction\":[{\"@type\":\"ReadAction\",\"target\":[\"https:\/\/zwei2eins.de\/de\/what\/gesundheit\/\"]}]},{\"@type\":\"BreadcrumbList\",\"@id\":\"https:\/\/zwei2eins.de\/de\/what\/gesundheit\/#breadcrumb\",\"itemListElement\":[{\"@type\":\"ListItem\",\"position\":1,\"name\":\"Startseite\",\"item\":\"https:\/\/zwei2eins.de\/de\/\"},{\"@type\":\"ListItem\",\"position\":2,\"name\":\"What\",\"item\":\"https:\/\/zwei2eins.de\/de\/what\/\"},{\"@type\":\"ListItem\",\"position\":3,\"name\":\"Gesundheit\"}]},{\"@type\":\"WebSite\",\"@id\":\"https:\/\/zwei2eins.de\/de\/#website\",\"url\":\"https:\/\/zwei2eins.de\/de\/\",\"name\":\"zwei2eins\",\"description\":\"Die Performance-Steigerer\",\"publisher\":{\"@id\":\"https:\/\/zwei2eins.de\/de\/#organization\"},\"potentialAction\":[{\"@type\":\"SearchAction\",\"target\":{\"@type\":\"EntryPoint\",\"urlTemplate\":\"https:\/\/zwei2eins.de\/de\/?s={search_term_string}\"},\"query-input\":\"required name=search_term_string\"}],\"inLanguage\":\"de\"},{\"@type\":\"Organization\",\"@id\":\"https:\/\/zwei2eins.de\/de\/#organization\",\"name\":\"zwei2eins\",\"url\":\"https:\/\/zwei2eins.de\/de\/\",\"logo\":{\"@type\":\"ImageObject\",\"inLanguage\":\"de\",\"@id\":\"https:\/\/zwei2eins.de\/de\/#\/schema\/logo\/image\/\",\"url\":\"https:\/\/zwei2eins.de\/wp-content\/uploads\/2023\/01\/Zwei2Eins_TopConsultant.klein_.png\",\"contentUrl\":\"https:\/\/zwei2eins.de\/wp-content\/uploads\/2023\/01\/Zwei2Eins_TopConsultant.klein_.png\",\"width\":1015,\"height\":315,\"caption\":\"zwei2eins\"},\"image\":{\"@id\":\"https:\/\/zwei2eins.de\/de\/#\/schema\/logo\/image\/\"}}]}<\/script>\n<!-- \/ Yoast SEO plugin. -->","yoast_head_json":{"title":"Gesundheit - zwei2eins","description":"Unternehmen mit gesunder Leistungskultur verstehen die Gesundheit ihrer Mitarbeiter als Managementaufgabe. Wir unterst\u00fctzen Sie mit den folgenden Angeboten dabei, Gesundheit und Leistung wechselseitig aufeinander zu beziehen und so den Unternehmenswert nachhaltig zu steigern: F\u00fchrung und Gesundheit Gef\u00e4hrungsbeurteilung Gesundheitspr\u00e4vention","robots":{"index":"index","follow":"follow","max-snippet":"max-snippet:-1","max-image-preview":"max-image-preview:large","max-video-preview":"max-video-preview:-1"},"canonical":"https:\/\/zwei2eins.de\/de\/what\/gesundheit\/","og_locale":"de_DE","og_type":"article","og_title":"Gesundheit - zwei2eins","og_description":"Unternehmen mit gesunder Leistungskultur verstehen die Gesundheit ihrer Mitarbeiter als Managementaufgabe. Wir unterst\u00fctzen Sie mit den folgenden Angeboten dabei, Gesundheit und Leistung wechselseitig aufeinander zu beziehen und so den Unternehmenswert nachhaltig zu steigern: F\u00fchrung und Gesundheit Gef\u00e4hrungsbeurteilung Gesundheitspr\u00e4vention","og_url":"https:\/\/zwei2eins.de\/de\/what\/gesundheit\/","og_site_name":"zwei2eins","article_modified_time":"2023-01-17T06:36:21+00:00","og_image":[{"url":"https:\/\/zwei2eins.de\/wp-content\/uploads\/2023\/01\/221-wald.png"}],"twitter_card":"summary_large_image","twitter_misc":{"Gesch\u00e4tzte Lesezeit":"1\u00a0Minute"},"schema":{"@context":"https:\/\/schema.org","@graph":[{"@type":"WebPage","@id":"https:\/\/zwei2eins.de\/de\/what\/gesundheit\/","url":"https:\/\/zwei2eins.de\/de\/what\/gesundheit\/","name":"Gesundheit - zwei2eins","isPartOf":{"@id":"https:\/\/zwei2eins.de\/de\/#website"},"datePublished":"2023-01-10T14:05:19+00:00","dateModified":"2023-01-17T06:36:21+00:00","description":"Unternehmen mit gesunder Leistungskultur verstehen die Gesundheit ihrer Mitarbeiter als Managementaufgabe. Wir unterst\u00fctzen Sie mit den folgenden Angeboten dabei, Gesundheit und Leistung wechselseitig aufeinander zu beziehen und so den Unternehmenswert nachhaltig zu steigern: F\u00fchrung und Gesundheit Gef\u00e4hrungsbeurteilung Gesundheitspr\u00e4vention","breadcrumb":{"@id":"https:\/\/zwei2eins.de\/de\/what\/gesundheit\/#breadcrumb"},"inLanguage":"de","potentialAction":[{"@type":"ReadAction","target":["https:\/\/zwei2eins.de\/de\/what\/gesundheit\/"]}]},{"@type":"BreadcrumbList","@id":"https:\/\/zwei2eins.de\/de\/what\/gesundheit\/#breadcrumb","itemListElement":[{"@type":"ListItem","position":1,"name":"Startseite","item":"https:\/\/zwei2eins.de\/de\/"},{"@type":"ListItem","position":2,"name":"What","item":"https:\/\/zwei2eins.de\/de\/what\/"},{"@type":"ListItem","position":3,"name":"Gesundheit"}]},{"@type":"WebSite","@id":"https:\/\/zwei2eins.de\/de\/#website","url":"https:\/\/zwei2eins.de\/de\/","name":"zwei2eins","description":"Die Performance-Steigerer","publisher":{"@id":"https:\/\/zwei2eins.de\/de\/#organization"},"potentialAction":[{"@type":"SearchAction","target":{"@type":"EntryPoint","urlTemplate":"https:\/\/zwei2eins.de\/de\/?s={search_term_string}"},"query-input":"required name=search_term_string"}],"inLanguage":"de"},{"@type":"Organization","@id":"https:\/\/zwei2eins.de\/de\/#organization","name":"zwei2eins","url":"https:\/\/zwei2eins.de\/de\/","logo":{"@type":"ImageObject","inLanguage":"de","@id":"https:\/\/zwei2eins.de\/de\/#\/schema\/logo\/image\/","url":"https:\/\/zwei2eins.de\/wp-content\/uploads\/2023\/01\/Zwei2Eins_TopConsultant.klein_.png","contentUrl":"https:\/\/zwei2eins.de\/wp-content\/uploads\/2023\/01\/Zwei2Eins_TopConsultant.klein_.png","width":1015,"height":315,"caption":"zwei2eins"},"image":{"@id":"https:\/\/zwei2eins.de\/de\/#\/schema\/logo\/image\/"}}]}},"_links":{"self":[{"href":"https:\/\/zwei2eins.de\/de\/wp-json\/wp\/v2\/pages\/57","targetHints":{"allow":["GET"]}}],"collection":[{"href":"https:\/\/zwei2eins.de\/de\/wp-json\/wp\/v2\/pages"}],"about":[{"href":"https:\/\/zwei2eins.de\/de\/wp-json\/wp\/v2\/types\/page"}],"author":[{"embeddable":true,"href":"https:\/\/zwei2eins.de\/de\/wp-json\/wp\/v2\/users\/1"}],"replies":[{"embeddable":true,"href":"https:\/\/zwei2eins.de\/de\/wp-json\/wp\/v2\/comments?post=57"}],"version-history":[{"count":8,"href":"https:\/\/zwei2eins.de\/de\/wp-json\/wp\/v2\/pages\/57\/revisions"}],"predecessor-version":[{"id":902,"href":"https:\/\/zwei2eins.de\/de\/wp-json\/wp\/v2\/pages\/57\/revisions\/902"}],"up":[{"embeddable":true,"href":"https:\/\/zwei2eins.de\/de\/wp-json\/wp\/v2\/pages\/49"}],"wp:attachment":[{"href":"https:\/\/zwei2eins.de\/de\/wp-json\/wp\/v2\/media?parent=57"}],"curies":[{"name":"wp","href":"https:\/\/api.w.org\/{rel}","templated":true}]}}