{"id":51,"date":"2023-01-10T15:03:32","date_gmt":"2023-01-10T14:03:32","guid":{"rendered":"https:\/\/zwei2eins.de\/?page_id=51"},"modified":"2023-01-17T07:35:27","modified_gmt":"2023-01-17T06:35:27","slug":"leadership","status":"publish","type":"page","link":"https:\/\/zwei2eins.de\/de\/what\/leadership\/","title":{"rendered":"F\u00fchrung"},"content":{"rendered":"\t\t<div data-elementor-type=\"wp-page\" data-elementor-id=\"51\" class=\"elementor elementor-51\" data-elementor-post-type=\"page\">\n\t\t\t\t\t\t\t\t\t<section class=\"elementor-section elementor-top-section elementor-element elementor-element-1e7e67c4 elementor-section-boxed elementor-section-height-default elementor-section-height-default\" data-id=\"1e7e67c4\" data-element_type=\"section\">\n\t\t\t\t\t\t<div class=\"elementor-container elementor-column-gap-default\">\n\t\t\t\t\t<div class=\"elementor-column elementor-col-50 elementor-top-column elementor-element elementor-element-2a2b11ef\" data-id=\"2a2b11ef\" data-element_type=\"column\" data-settings=\"{&quot;background_background&quot;:&quot;classic&quot;}\">\n\t\t\t<div class=\"elementor-widget-wrap elementor-element-populated\">\n\t\t\t\t\t\t\t\t<div class=\"elementor-element elementor-element-18252105 elementor-widget elementor-widget-heading\" data-id=\"18252105\" data-element_type=\"widget\" data-widget_type=\"heading.default\">\n\t\t\t\t<div class=\"elementor-widget-container\">\n\t\t\t<style>\/*! elementor - v3.15.0 - 20-08-2023 *\/\n.elementor-heading-title{padding:0;margin:0;line-height:1}.elementor-widget-heading .elementor-heading-title[class*=elementor-size-]>a{color:inherit;font-size:inherit;line-height:inherit}.elementor-widget-heading .elementor-heading-title.elementor-size-small{font-size:15px}.elementor-widget-heading .elementor-heading-title.elementor-size-medium{font-size:19px}.elementor-widget-heading .elementor-heading-title.elementor-size-large{font-size:29px}.elementor-widget-heading .elementor-heading-title.elementor-size-xl{font-size:39px}.elementor-widget-heading .elementor-heading-title.elementor-size-xxl{font-size:59px}<\/style><h1 class=\"elementor-heading-title elementor-size-default\">F\u00fchrung<\/h1>\t\t<\/div>\n\t\t\t\t<\/div>\n\t\t\t\t<div class=\"elementor-element elementor-element-870a288 elementor-widget-divider--view-line elementor-widget elementor-widget-divider\" data-id=\"870a288\" data-element_type=\"widget\" data-widget_type=\"divider.default\">\n\t\t\t\t<div class=\"elementor-widget-container\">\n\t\t\t<style>\/*! elementor - v3.15.0 - 20-08-2023 *\/\n.elementor-widget-divider{--divider-border-style:none;--divider-border-width:1px;--divider-color:#0c0d0e;--divider-icon-size:20px;--divider-element-spacing:10px;--divider-pattern-height:24px;--divider-pattern-size:20px;--divider-pattern-url:none;--divider-pattern-repeat:repeat-x}.elementor-widget-divider .elementor-divider{display:flex}.elementor-widget-divider .elementor-divider__text{font-size:15px;line-height:1;max-width:95%}.elementor-widget-divider .elementor-divider__element{margin:0 var(--divider-element-spacing);flex-shrink:0}.elementor-widget-divider .elementor-icon{font-size:var(--divider-icon-size)}.elementor-widget-divider .elementor-divider-separator{display:flex;margin:0;direction:ltr}.elementor-widget-divider--view-line_icon .elementor-divider-separator,.elementor-widget-divider--view-line_text .elementor-divider-separator{align-items:center}.elementor-widget-divider--view-line_icon .elementor-divider-separator:after,.elementor-widget-divider--view-line_icon .elementor-divider-separator:before,.elementor-widget-divider--view-line_text .elementor-divider-separator:after,.elementor-widget-divider--view-line_text .elementor-divider-separator:before{display:block;content:\"\";border-bottom:0;flex-grow:1;border-top:var(--divider-border-width) var(--divider-border-style) var(--divider-color)}.elementor-widget-divider--element-align-left .elementor-divider .elementor-divider-separator>.elementor-divider__svg:first-of-type{flex-grow:0;flex-shrink:100}.elementor-widget-divider--element-align-left .elementor-divider-separator:before{content:none}.elementor-widget-divider--element-align-left .elementor-divider__element{margin-left:0}.elementor-widget-divider--element-align-right .elementor-divider .elementor-divider-separator>.elementor-divider__svg:last-of-type{flex-grow:0;flex-shrink:100}.elementor-widget-divider--element-align-right .elementor-divider-separator:after{content:none}.elementor-widget-divider--element-align-right .elementor-divider__element{margin-right:0}.elementor-widget-divider:not(.elementor-widget-divider--view-line_text):not(.elementor-widget-divider--view-line_icon) .elementor-divider-separator{border-top:var(--divider-border-width) var(--divider-border-style) var(--divider-color)}.elementor-widget-divider--separator-type-pattern{--divider-border-style:none}.elementor-widget-divider--separator-type-pattern.elementor-widget-divider--view-line .elementor-divider-separator,.elementor-widget-divider--separator-type-pattern:not(.elementor-widget-divider--view-line) .elementor-divider-separator:after,.elementor-widget-divider--separator-type-pattern:not(.elementor-widget-divider--view-line) .elementor-divider-separator:before,.elementor-widget-divider--separator-type-pattern:not([class*=elementor-widget-divider--view]) .elementor-divider-separator{width:100%;min-height:var(--divider-pattern-height);-webkit-mask-size:var(--divider-pattern-size) 100%;mask-size:var(--divider-pattern-size) 100%;-webkit-mask-repeat:var(--divider-pattern-repeat);mask-repeat:var(--divider-pattern-repeat);background-color:var(--divider-color);-webkit-mask-image:var(--divider-pattern-url);mask-image:var(--divider-pattern-url)}.elementor-widget-divider--no-spacing{--divider-pattern-size:auto}.elementor-widget-divider--bg-round{--divider-pattern-repeat:round}.rtl .elementor-widget-divider .elementor-divider__text{direction:rtl}.e-con-inner>.elementor-widget-divider,.e-con>.elementor-widget-divider{width:var(--container-widget-width,100%);--flex-grow:var(--container-widget-flex-grow)}<\/style>\t\t<div class=\"elementor-divider\">\n\t\t\t<span class=\"elementor-divider-separator\">\n\t\t\t\t\t\t<\/span>\n\t\t<\/div>\n\t\t\t\t<\/div>\n\t\t\t\t<\/div>\n\t\t\t\t\t<\/div>\n\t\t<\/div>\n\t\t\t\t<div class=\"elementor-column elementor-col-50 elementor-top-column elementor-element elementor-element-14a13ae7\" data-id=\"14a13ae7\" data-element_type=\"column\" data-settings=\"{&quot;background_background&quot;:&quot;classic&quot;}\">\n\t\t\t<div class=\"elementor-widget-wrap elementor-element-populated\">\n\t\t\t\t\t\t\t\t<div class=\"elementor-element elementor-element-6041485e elementor-align-right elementor-widget elementor-widget-breadcrumbs\" data-id=\"6041485e\" data-element_type=\"widget\" data-widget_type=\"breadcrumbs.default\">\n\t\t\t\t<div class=\"elementor-widget-container\">\n\t\t\t<link rel=\"stylesheet\" href=\"https:\/\/zwei2eins.de\/wp-content\/plugins\/elementor-pro\/assets\/css\/widget-theme-elements.min.css\"><p id=\"breadcrumbs\"><span><span><a href=\"https:\/\/zwei2eins.de\/de\/\">Startseite<\/a><\/span><\/span><\/p>\t\t<\/div>\n\t\t\t\t<\/div>\n\t\t\t\t\t<\/div>\n\t\t<\/div>\n\t\t\t\t\t\t\t<\/div>\n\t\t<\/section>\n\t\t\t\t<section class=\"elementor-section elementor-top-section elementor-element elementor-element-40fd1c1 elementor-section-boxed elementor-section-height-default elementor-section-height-default\" data-id=\"40fd1c1\" data-element_type=\"section\">\n\t\t\t\t\t\t<div class=\"elementor-container elementor-column-gap-default\">\n\t\t\t\t\t<div class=\"elementor-column elementor-col-100 elementor-top-column elementor-element elementor-element-2505e274\" data-id=\"2505e274\" data-element_type=\"column\" data-settings=\"{&quot;background_background&quot;:&quot;classic&quot;}\">\n\t\t\t<div class=\"elementor-widget-wrap elementor-element-populated\">\n\t\t\t\t\t\t\t\t<div class=\"elementor-element elementor-element-57830bd1 elementor-widget elementor-widget-image\" data-id=\"57830bd1\" data-element_type=\"widget\" data-widget_type=\"image.default\">\n\t\t\t\t<div class=\"elementor-widget-container\">\n\t\t\t<style>\/*! elementor - v3.15.0 - 20-08-2023 *\/\n.elementor-widget-image{text-align:center}.elementor-widget-image a{display:inline-block}.elementor-widget-image a img[src$=\".svg\"]{width:48px}.elementor-widget-image img{vertical-align:middle;display:inline-block}<\/style>\t\t\t\t\t\t\t\t\t\t\t\t<img loading=\"lazy\" decoding=\"async\" width=\"1199\" height=\"439\" src=\"https:\/\/zwei2eins.de\/wp-content\/uploads\/2023\/01\/221-regatta.png\" class=\"attachment-full size-full wp-image-360\" alt=\"\" srcset=\"https:\/\/zwei2eins.de\/wp-content\/uploads\/2023\/01\/221-regatta.png 1199w, https:\/\/zwei2eins.de\/wp-content\/uploads\/2023\/01\/221-regatta-300x110.png 300w, https:\/\/zwei2eins.de\/wp-content\/uploads\/2023\/01\/221-regatta-1024x375.png 1024w, https:\/\/zwei2eins.de\/wp-content\/uploads\/2023\/01\/221-regatta-768x281.png 768w\" sizes=\"auto, (max-width: 1199px) 100vw, 1199px\" \/>\t\t\t\t\t\t\t\t\t\t\t\t\t\t\t<\/div>\n\t\t\t\t<\/div>\n\t\t\t\t\t<\/div>\n\t\t<\/div>\n\t\t\t\t\t\t\t<\/div>\n\t\t<\/section>\n\t\t\t\t<section class=\"elementor-section elementor-top-section elementor-element elementor-element-283e278 elementor-section-boxed elementor-section-height-default elementor-section-height-default\" data-id=\"283e278\" data-element_type=\"section\">\n\t\t\t\t\t\t<div class=\"elementor-container elementor-column-gap-default\">\n\t\t\t\t\t<div class=\"elementor-column elementor-col-100 elementor-top-column elementor-element elementor-element-6087e7b5\" data-id=\"6087e7b5\" data-element_type=\"column\" data-settings=\"{&quot;background_background&quot;:&quot;classic&quot;}\">\n\t\t\t<div class=\"elementor-widget-wrap elementor-element-populated\">\n\t\t\t\t\t\t\t\t<div class=\"elementor-element elementor-element-5d94f30c elementor-widget elementor-widget-heading\" data-id=\"5d94f30c\" data-element_type=\"widget\" data-widget_type=\"heading.default\">\n\t\t\t\t<div class=\"elementor-widget-container\">\n\t\t\t<h2 class=\"elementor-heading-title elementor-size-default\"> Effektives, transformationales F\u00fchren ist emotional intelligentes F\u00fchren:         sich selbst, andere und Unternehmen.<\/h2>\t\t<\/div>\n\t\t\t\t<\/div>\n\t\t\t\t<div class=\"elementor-element elementor-element-64940f67 elementor-widget elementor-widget-text-editor\" data-id=\"64940f67\" data-element_type=\"widget\" data-widget_type=\"text-editor.default\">\n\t\t\t\t<div class=\"elementor-widget-container\">\n\t\t\t<style>\/*! elementor - v3.15.0 - 20-08-2023 *\/\n.elementor-widget-text-editor.elementor-drop-cap-view-stacked .elementor-drop-cap{background-color:#69727d;color:#fff}.elementor-widget-text-editor.elementor-drop-cap-view-framed .elementor-drop-cap{color:#69727d;border:3px solid;background-color:transparent}.elementor-widget-text-editor:not(.elementor-drop-cap-view-default) .elementor-drop-cap{margin-top:8px}.elementor-widget-text-editor:not(.elementor-drop-cap-view-default) .elementor-drop-cap-letter{width:1em;height:1em}.elementor-widget-text-editor .elementor-drop-cap{float:left;text-align:center;line-height:1;font-size:50px}.elementor-widget-text-editor .elementor-drop-cap-letter{display:inline-block}<\/style>\t\t\t\t<p>Ein wesentliches Element besteht darin, <a href=\"https:\/\/zwei2eins.de\/?page_id=177\">resonante Beziehungen<\/a> aufzubauen und zu pflegen und gleichzeitig in der \u201e<a href=\"\/what\/leadership\/vuca-welt\/\">VUCA-Welt<\/a>\u201c anspruchsvolle Sachaufgaben zu l\u00f6sen\u00a0und Ziele zu erreichen.<\/p><p>Haben wir Ihre Neugierde geweckt? \u00a0Gerne geben wir Ihnen\u00a0mehr Informationen zu unseren Trainings- und Coaching-Angeboten.<\/p>\t\t\t\t\t\t<\/div>\n\t\t\t\t<\/div>\n\t\t\t\t<div class=\"elementor-element elementor-element-cb6ed9c elementor-widget elementor-widget-button\" data-id=\"cb6ed9c\" data-element_type=\"widget\" data-widget_type=\"button.default\">\n\t\t\t\t<div class=\"elementor-widget-container\">\n\t\t\t\t\t<div class=\"elementor-button-wrapper\">\n\t\t\t<a class=\"elementor-button elementor-button-link elementor-size-sm\" href=\"\/what\/weitere-trainings\/\">\n\t\t\t\t\t\t<span class=\"elementor-button-content-wrapper\">\n\t\t\t\t\t\t<span class=\"elementor-button-text\">Klicken Sie hier f\u00fcr mehr Informationen<\/span>\n\t\t<\/span>\n\t\t\t\t\t<\/a>\n\t\t<\/div>\n\t\t\t\t<\/div>\n\t\t\t\t<\/div>\n\t\t\t\t<div class=\"elementor-element elementor-element-1fbba3dc elementor-widget elementor-widget-spacer\" data-id=\"1fbba3dc\" data-element_type=\"widget\" data-widget_type=\"spacer.default\">\n\t\t\t\t<div class=\"elementor-widget-container\">\n\t\t\t<style>\/*! elementor - v3.15.0 - 20-08-2023 *\/\n.elementor-column .elementor-spacer-inner{height:var(--spacer-size)}.e-con{--container-widget-width:100%}.e-con-inner>.elementor-widget-spacer,.e-con>.elementor-widget-spacer{width:var(--container-widget-width,var(--spacer-size));--align-self:var(--container-widget-align-self,initial);--flex-shrink:0}.e-con-inner>.elementor-widget-spacer>.elementor-widget-container,.e-con-inner>.elementor-widget-spacer>.elementor-widget-container>.elementor-spacer,.e-con>.elementor-widget-spacer>.elementor-widget-container,.e-con>.elementor-widget-spacer>.elementor-widget-container>.elementor-spacer{height:100%}.e-con-inner>.elementor-widget-spacer>.elementor-widget-container>.elementor-spacer>.elementor-spacer-inner,.e-con>.elementor-widget-spacer>.elementor-widget-container>.elementor-spacer>.elementor-spacer-inner{height:var(--container-widget-height,var(--spacer-size))}<\/style>\t\t<div class=\"elementor-spacer\">\n\t\t\t<div class=\"elementor-spacer-inner\"><\/div>\n\t\t<\/div>\n\t\t\t\t<\/div>\n\t\t\t\t<\/div>\n\t\t\t\t\t<\/div>\n\t\t<\/div>\n\t\t\t\t\t\t\t<\/div>\n\t\t<\/section>\n\t\t\t\t\t\t\t<\/div>\n\t\t","protected":false},"excerpt":{"rendered":"<p>F\u00fchrung Effektives, transformationales F\u00fchren ist emotional intelligentes F\u00fchren: sich selbst, andere und Unternehmen. Ein wesentliches Element besteht darin, resonante Beziehungen aufzubauen und zu pflegen und gleichzeitig in der \u201eVUCA-Welt\u201c anspruchsvolle Sachaufgaben zu l\u00f6sen\u00a0und Ziele zu erreichen. Haben wir Ihre Neugierde geweckt? \u00a0Gerne geben wir Ihnen\u00a0mehr Informationen zu unseren Trainings- und Coaching-Angeboten. Klicken Sie hier f\u00fcr [&hellip;]<\/p>\n","protected":false},"author":1,"featured_media":0,"parent":49,"menu_order":0,"comment_status":"closed","ping_status":"closed","template":"","meta":{"footnotes":""},"class_list":["post-51","page","type-page","status-publish","hentry"],"yoast_head":"<!-- This site is optimized with the Yoast SEO plugin v21.0 - https:\/\/yoast.com\/wordpress\/plugins\/seo\/ -->\n<title>F\u00fchrung - zwei2eins<\/title>\n<meta name=\"description\" content=\"Effektives, transformationales F\u00fchren ist emotional intelligentes F\u00fchren: sich selbst, andere und Unternehmen. Ein wesentliches Element besteht darin, resonante Beziehungen aufzubauen und zu pflegen und gleichzeitig in der \u201eVUCA-Welt\u201c anspruchsvolle Sachaufgaben zu l\u00f6sen\u00a0und Ziele zu erreichen.\" \/>\n<meta name=\"robots\" content=\"index, follow, max-snippet:-1, max-image-preview:large, max-video-preview:-1\" \/>\n<link rel=\"canonical\" href=\"https:\/\/zwei2eins.de\/de\/what\/leadership\/\" \/>\n<meta property=\"og:locale\" content=\"de_DE\" \/>\n<meta property=\"og:type\" content=\"article\" \/>\n<meta property=\"og:title\" content=\"F\u00fchrung - zwei2eins\" \/>\n<meta property=\"og:description\" content=\"Effektives, transformationales F\u00fchren ist emotional intelligentes F\u00fchren: sich selbst, andere und Unternehmen. Ein wesentliches Element besteht darin, resonante Beziehungen aufzubauen und zu pflegen und gleichzeitig in der \u201eVUCA-Welt\u201c anspruchsvolle Sachaufgaben zu l\u00f6sen\u00a0und Ziele zu erreichen.\" \/>\n<meta property=\"og:url\" content=\"https:\/\/zwei2eins.de\/de\/what\/leadership\/\" \/>\n<meta property=\"og:site_name\" content=\"zwei2eins\" \/>\n<meta property=\"article:modified_time\" content=\"2023-01-17T06:35:27+00:00\" \/>\n<meta property=\"og:image\" content=\"https:\/\/zwei2eins.de\/wp-content\/uploads\/2023\/01\/221-regatta.png\" \/>\n<meta name=\"twitter:card\" content=\"summary_large_image\" \/>\n<meta name=\"twitter:label1\" content=\"Gesch\u00e4tzte Lesezeit\" \/>\n\t<meta name=\"twitter:data1\" content=\"1\u00a0Minute\" \/>\n<script type=\"application\/ld+json\" class=\"yoast-schema-graph\">{\"@context\":\"https:\/\/schema.org\",\"@graph\":[{\"@type\":\"WebPage\",\"@id\":\"https:\/\/zwei2eins.de\/de\/what\/leadership\/\",\"url\":\"https:\/\/zwei2eins.de\/de\/what\/leadership\/\",\"name\":\"F\u00fchrung - zwei2eins\",\"isPartOf\":{\"@id\":\"https:\/\/zwei2eins.de\/de\/#website\"},\"datePublished\":\"2023-01-10T14:03:32+00:00\",\"dateModified\":\"2023-01-17T06:35:27+00:00\",\"description\":\"Effektives, transformationales F\u00fchren ist emotional intelligentes F\u00fchren: sich selbst, andere und Unternehmen. Ein wesentliches Element besteht darin, resonante Beziehungen aufzubauen und zu pflegen und gleichzeitig in der \u201eVUCA-Welt\u201c anspruchsvolle Sachaufgaben zu l\u00f6sen\u00a0und Ziele zu erreichen.\",\"breadcrumb\":{\"@id\":\"https:\/\/zwei2eins.de\/de\/what\/leadership\/#breadcrumb\"},\"inLanguage\":\"de\",\"potentialAction\":[{\"@type\":\"ReadAction\",\"target\":[\"https:\/\/zwei2eins.de\/de\/what\/leadership\/\"]}]},{\"@type\":\"BreadcrumbList\",\"@id\":\"https:\/\/zwei2eins.de\/de\/what\/leadership\/#breadcrumb\",\"itemListElement\":[{\"@type\":\"ListItem\",\"position\":1,\"name\":\"Startseite\",\"item\":\"https:\/\/zwei2eins.de\/de\/\"},{\"@type\":\"ListItem\",\"position\":2,\"name\":\"What\",\"item\":\"https:\/\/zwei2eins.de\/de\/what\/\"},{\"@type\":\"ListItem\",\"position\":3,\"name\":\"F\u00fchrung\"}]},{\"@type\":\"WebSite\",\"@id\":\"https:\/\/zwei2eins.de\/de\/#website\",\"url\":\"https:\/\/zwei2eins.de\/de\/\",\"name\":\"zwei2eins\",\"description\":\"Die Performance-Steigerer\",\"publisher\":{\"@id\":\"https:\/\/zwei2eins.de\/de\/#organization\"},\"potentialAction\":[{\"@type\":\"SearchAction\",\"target\":{\"@type\":\"EntryPoint\",\"urlTemplate\":\"https:\/\/zwei2eins.de\/de\/?s={search_term_string}\"},\"query-input\":\"required name=search_term_string\"}],\"inLanguage\":\"de\"},{\"@type\":\"Organization\",\"@id\":\"https:\/\/zwei2eins.de\/de\/#organization\",\"name\":\"zwei2eins\",\"url\":\"https:\/\/zwei2eins.de\/de\/\",\"logo\":{\"@type\":\"ImageObject\",\"inLanguage\":\"de\",\"@id\":\"https:\/\/zwei2eins.de\/de\/#\/schema\/logo\/image\/\",\"url\":\"https:\/\/zwei2eins.de\/wp-content\/uploads\/2023\/01\/Zwei2Eins_TopConsultant.klein_.png\",\"contentUrl\":\"https:\/\/zwei2eins.de\/wp-content\/uploads\/2023\/01\/Zwei2Eins_TopConsultant.klein_.png\",\"width\":1015,\"height\":315,\"caption\":\"zwei2eins\"},\"image\":{\"@id\":\"https:\/\/zwei2eins.de\/de\/#\/schema\/logo\/image\/\"}}]}<\/script>\n<!-- \/ Yoast SEO plugin. -->","yoast_head_json":{"title":"F\u00fchrung - zwei2eins","description":"Effektives, transformationales F\u00fchren ist emotional intelligentes F\u00fchren: sich selbst, andere und Unternehmen. Ein wesentliches Element besteht darin, resonante Beziehungen aufzubauen und zu pflegen und gleichzeitig in der \u201eVUCA-Welt\u201c anspruchsvolle Sachaufgaben zu l\u00f6sen\u00a0und Ziele zu erreichen.","robots":{"index":"index","follow":"follow","max-snippet":"max-snippet:-1","max-image-preview":"max-image-preview:large","max-video-preview":"max-video-preview:-1"},"canonical":"https:\/\/zwei2eins.de\/de\/what\/leadership\/","og_locale":"de_DE","og_type":"article","og_title":"F\u00fchrung - zwei2eins","og_description":"Effektives, transformationales F\u00fchren ist emotional intelligentes F\u00fchren: sich selbst, andere und Unternehmen. Ein wesentliches Element besteht darin, resonante Beziehungen aufzubauen und zu pflegen und gleichzeitig in der \u201eVUCA-Welt\u201c anspruchsvolle Sachaufgaben zu l\u00f6sen\u00a0und Ziele zu erreichen.","og_url":"https:\/\/zwei2eins.de\/de\/what\/leadership\/","og_site_name":"zwei2eins","article_modified_time":"2023-01-17T06:35:27+00:00","og_image":[{"url":"https:\/\/zwei2eins.de\/wp-content\/uploads\/2023\/01\/221-regatta.png"}],"twitter_card":"summary_large_image","twitter_misc":{"Gesch\u00e4tzte Lesezeit":"1\u00a0Minute"},"schema":{"@context":"https:\/\/schema.org","@graph":[{"@type":"WebPage","@id":"https:\/\/zwei2eins.de\/de\/what\/leadership\/","url":"https:\/\/zwei2eins.de\/de\/what\/leadership\/","name":"F\u00fchrung - zwei2eins","isPartOf":{"@id":"https:\/\/zwei2eins.de\/de\/#website"},"datePublished":"2023-01-10T14:03:32+00:00","dateModified":"2023-01-17T06:35:27+00:00","description":"Effektives, transformationales F\u00fchren ist emotional intelligentes F\u00fchren: sich selbst, andere und Unternehmen. Ein wesentliches Element besteht darin, resonante Beziehungen aufzubauen und zu pflegen und gleichzeitig in der \u201eVUCA-Welt\u201c anspruchsvolle Sachaufgaben zu l\u00f6sen\u00a0und Ziele zu erreichen.","breadcrumb":{"@id":"https:\/\/zwei2eins.de\/de\/what\/leadership\/#breadcrumb"},"inLanguage":"de","potentialAction":[{"@type":"ReadAction","target":["https:\/\/zwei2eins.de\/de\/what\/leadership\/"]}]},{"@type":"BreadcrumbList","@id":"https:\/\/zwei2eins.de\/de\/what\/leadership\/#breadcrumb","itemListElement":[{"@type":"ListItem","position":1,"name":"Startseite","item":"https:\/\/zwei2eins.de\/de\/"},{"@type":"ListItem","position":2,"name":"What","item":"https:\/\/zwei2eins.de\/de\/what\/"},{"@type":"ListItem","position":3,"name":"F\u00fchrung"}]},{"@type":"WebSite","@id":"https:\/\/zwei2eins.de\/de\/#website","url":"https:\/\/zwei2eins.de\/de\/","name":"zwei2eins","description":"Die Performance-Steigerer","publisher":{"@id":"https:\/\/zwei2eins.de\/de\/#organization"},"potentialAction":[{"@type":"SearchAction","target":{"@type":"EntryPoint","urlTemplate":"https:\/\/zwei2eins.de\/de\/?s={search_term_string}"},"query-input":"required name=search_term_string"}],"inLanguage":"de"},{"@type":"Organization","@id":"https:\/\/zwei2eins.de\/de\/#organization","name":"zwei2eins","url":"https:\/\/zwei2eins.de\/de\/","logo":{"@type":"ImageObject","inLanguage":"de","@id":"https:\/\/zwei2eins.de\/de\/#\/schema\/logo\/image\/","url":"https:\/\/zwei2eins.de\/wp-content\/uploads\/2023\/01\/Zwei2Eins_TopConsultant.klein_.png","contentUrl":"https:\/\/zwei2eins.de\/wp-content\/uploads\/2023\/01\/Zwei2Eins_TopConsultant.klein_.png","width":1015,"height":315,"caption":"zwei2eins"},"image":{"@id":"https:\/\/zwei2eins.de\/de\/#\/schema\/logo\/image\/"}}]}},"_links":{"self":[{"href":"https:\/\/zwei2eins.de\/de\/wp-json\/wp\/v2\/pages\/51","targetHints":{"allow":["GET"]}}],"collection":[{"href":"https:\/\/zwei2eins.de\/de\/wp-json\/wp\/v2\/pages"}],"about":[{"href":"https:\/\/zwei2eins.de\/de\/wp-json\/wp\/v2\/types\/page"}],"author":[{"embeddable":true,"href":"https:\/\/zwei2eins.de\/de\/wp-json\/wp\/v2\/users\/1"}],"replies":[{"embeddable":true,"href":"https:\/\/zwei2eins.de\/de\/wp-json\/wp\/v2\/comments?post=51"}],"version-history":[{"count":5,"href":"https:\/\/zwei2eins.de\/de\/wp-json\/wp\/v2\/pages\/51\/revisions"}],"predecessor-version":[{"id":900,"href":"https:\/\/zwei2eins.de\/de\/wp-json\/wp\/v2\/pages\/51\/revisions\/900"}],"up":[{"embeddable":true,"href":"https:\/\/zwei2eins.de\/de\/wp-json\/wp\/v2\/pages\/49"}],"wp:attachment":[{"href":"https:\/\/zwei2eins.de\/de\/wp-json\/wp\/v2\/media?parent=51"}],"curies":[{"name":"wp","href":"https:\/\/api.w.org\/{rel}","templated":true}]}}