{"id":35,"date":"2023-01-10T15:00:53","date_gmt":"2023-01-10T14:00:53","guid":{"rendered":"https:\/\/zwei2eins.de\/?page_id=35"},"modified":"2023-01-17T07:29:50","modified_gmt":"2023-01-17T06:29:50","slug":"limbische-system","status":"publish","type":"page","link":"https:\/\/zwei2eins.de\/de\/how\/emotionale-intelligenz\/limbische-system\/","title":{"rendered":"Limbische System"},"content":{"rendered":"\t\t<div data-elementor-type=\"wp-page\" data-elementor-id=\"35\" class=\"elementor elementor-35\" data-elementor-post-type=\"page\">\n\t\t\t\t\t\t\t\t\t<section class=\"elementor-section elementor-top-section elementor-element elementor-element-55e1b059 elementor-section-boxed elementor-section-height-default elementor-section-height-default\" data-id=\"55e1b059\" data-element_type=\"section\">\n\t\t\t\t\t\t<div class=\"elementor-container elementor-column-gap-default\">\n\t\t\t\t\t<div class=\"elementor-column elementor-col-50 elementor-top-column elementor-element elementor-element-4cc10713\" data-id=\"4cc10713\" data-element_type=\"column\" data-settings=\"{&quot;background_background&quot;:&quot;classic&quot;}\">\n\t\t\t<div class=\"elementor-widget-wrap elementor-element-populated\">\n\t\t\t\t\t\t\t\t<div class=\"elementor-element elementor-element-4ada25d6 elementor-widget elementor-widget-heading\" data-id=\"4ada25d6\" data-element_type=\"widget\" data-widget_type=\"heading.default\">\n\t\t\t\t<div class=\"elementor-widget-container\">\n\t\t\t<style>\/*! elementor - v3.15.0 - 20-08-2023 *\/\n.elementor-heading-title{padding:0;margin:0;line-height:1}.elementor-widget-heading .elementor-heading-title[class*=elementor-size-]>a{color:inherit;font-size:inherit;line-height:inherit}.elementor-widget-heading .elementor-heading-title.elementor-size-small{font-size:15px}.elementor-widget-heading .elementor-heading-title.elementor-size-medium{font-size:19px}.elementor-widget-heading .elementor-heading-title.elementor-size-large{font-size:29px}.elementor-widget-heading .elementor-heading-title.elementor-size-xl{font-size:39px}.elementor-widget-heading .elementor-heading-title.elementor-size-xxl{font-size:59px}<\/style><h1 class=\"elementor-heading-title elementor-size-default\"> Gehirn und emotionale Intelligenz <\/h1>\t\t<\/div>\n\t\t\t\t<\/div>\n\t\t\t\t<div class=\"elementor-element elementor-element-5bab04a9 elementor-widget-divider--view-line elementor-widget elementor-widget-divider\" data-id=\"5bab04a9\" data-element_type=\"widget\" data-widget_type=\"divider.default\">\n\t\t\t\t<div class=\"elementor-widget-container\">\n\t\t\t<style>\/*! elementor - v3.15.0 - 20-08-2023 *\/\n.elementor-widget-divider{--divider-border-style:none;--divider-border-width:1px;--divider-color:#0c0d0e;--divider-icon-size:20px;--divider-element-spacing:10px;--divider-pattern-height:24px;--divider-pattern-size:20px;--divider-pattern-url:none;--divider-pattern-repeat:repeat-x}.elementor-widget-divider .elementor-divider{display:flex}.elementor-widget-divider .elementor-divider__text{font-size:15px;line-height:1;max-width:95%}.elementor-widget-divider .elementor-divider__element{margin:0 var(--divider-element-spacing);flex-shrink:0}.elementor-widget-divider .elementor-icon{font-size:var(--divider-icon-size)}.elementor-widget-divider .elementor-divider-separator{display:flex;margin:0;direction:ltr}.elementor-widget-divider--view-line_icon .elementor-divider-separator,.elementor-widget-divider--view-line_text .elementor-divider-separator{align-items:center}.elementor-widget-divider--view-line_icon .elementor-divider-separator:after,.elementor-widget-divider--view-line_icon .elementor-divider-separator:before,.elementor-widget-divider--view-line_text .elementor-divider-separator:after,.elementor-widget-divider--view-line_text .elementor-divider-separator:before{display:block;content:\"\";border-bottom:0;flex-grow:1;border-top:var(--divider-border-width) var(--divider-border-style) var(--divider-color)}.elementor-widget-divider--element-align-left .elementor-divider .elementor-divider-separator>.elementor-divider__svg:first-of-type{flex-grow:0;flex-shrink:100}.elementor-widget-divider--element-align-left .elementor-divider-separator:before{content:none}.elementor-widget-divider--element-align-left .elementor-divider__element{margin-left:0}.elementor-widget-divider--element-align-right .elementor-divider .elementor-divider-separator>.elementor-divider__svg:last-of-type{flex-grow:0;flex-shrink:100}.elementor-widget-divider--element-align-right .elementor-divider-separator:after{content:none}.elementor-widget-divider--element-align-right .elementor-divider__element{margin-right:0}.elementor-widget-divider:not(.elementor-widget-divider--view-line_text):not(.elementor-widget-divider--view-line_icon) .elementor-divider-separator{border-top:var(--divider-border-width) var(--divider-border-style) var(--divider-color)}.elementor-widget-divider--separator-type-pattern{--divider-border-style:none}.elementor-widget-divider--separator-type-pattern.elementor-widget-divider--view-line .elementor-divider-separator,.elementor-widget-divider--separator-type-pattern:not(.elementor-widget-divider--view-line) .elementor-divider-separator:after,.elementor-widget-divider--separator-type-pattern:not(.elementor-widget-divider--view-line) .elementor-divider-separator:before,.elementor-widget-divider--separator-type-pattern:not([class*=elementor-widget-divider--view]) .elementor-divider-separator{width:100%;min-height:var(--divider-pattern-height);-webkit-mask-size:var(--divider-pattern-size) 100%;mask-size:var(--divider-pattern-size) 100%;-webkit-mask-repeat:var(--divider-pattern-repeat);mask-repeat:var(--divider-pattern-repeat);background-color:var(--divider-color);-webkit-mask-image:var(--divider-pattern-url);mask-image:var(--divider-pattern-url)}.elementor-widget-divider--no-spacing{--divider-pattern-size:auto}.elementor-widget-divider--bg-round{--divider-pattern-repeat:round}.rtl .elementor-widget-divider .elementor-divider__text{direction:rtl}.e-con-inner>.elementor-widget-divider,.e-con>.elementor-widget-divider{width:var(--container-widget-width,100%);--flex-grow:var(--container-widget-flex-grow)}<\/style>\t\t<div class=\"elementor-divider\">\n\t\t\t<span class=\"elementor-divider-separator\">\n\t\t\t\t\t\t<\/span>\n\t\t<\/div>\n\t\t\t\t<\/div>\n\t\t\t\t<\/div>\n\t\t\t\t\t<\/div>\n\t\t<\/div>\n\t\t\t\t<div class=\"elementor-column elementor-col-50 elementor-top-column elementor-element elementor-element-601d3d77\" data-id=\"601d3d77\" data-element_type=\"column\" data-settings=\"{&quot;background_background&quot;:&quot;classic&quot;}\">\n\t\t\t<div class=\"elementor-widget-wrap elementor-element-populated\">\n\t\t\t\t\t\t\t\t<div class=\"elementor-element elementor-element-37812ff7 elementor-align-right elementor-widget elementor-widget-breadcrumbs\" data-id=\"37812ff7\" data-element_type=\"widget\" data-widget_type=\"breadcrumbs.default\">\n\t\t\t\t<div class=\"elementor-widget-container\">\n\t\t\t<link rel=\"stylesheet\" href=\"https:\/\/zwei2eins.de\/wp-content\/plugins\/elementor-pro\/assets\/css\/widget-theme-elements.min.css\"><p id=\"breadcrumbs\"><span><span><a href=\"https:\/\/zwei2eins.de\/de\/\">Startseite<\/a><\/span><\/span><\/p>\t\t<\/div>\n\t\t\t\t<\/div>\n\t\t\t\t\t<\/div>\n\t\t<\/div>\n\t\t\t\t\t\t\t<\/div>\n\t\t<\/section>\n\t\t\t\t<section class=\"elementor-section elementor-top-section elementor-element elementor-element-2519453f elementor-section-boxed elementor-section-height-default elementor-section-height-default\" data-id=\"2519453f\" data-element_type=\"section\">\n\t\t\t\t\t\t<div class=\"elementor-container elementor-column-gap-default\">\n\t\t\t\t\t<div class=\"elementor-column elementor-col-100 elementor-top-column elementor-element elementor-element-1167f395\" data-id=\"1167f395\" data-element_type=\"column\" data-settings=\"{&quot;background_background&quot;:&quot;classic&quot;}\">\n\t\t\t<div class=\"elementor-widget-wrap elementor-element-populated\">\n\t\t\t\t\t\t\t\t<div class=\"elementor-element elementor-element-58de9f6 elementor-widget elementor-widget-text-editor\" data-id=\"58de9f6\" data-element_type=\"widget\" data-widget_type=\"text-editor.default\">\n\t\t\t\t<div class=\"elementor-widget-container\">\n\t\t\t<style>\/*! elementor - v3.15.0 - 20-08-2023 *\/\n.elementor-widget-text-editor.elementor-drop-cap-view-stacked .elementor-drop-cap{background-color:#69727d;color:#fff}.elementor-widget-text-editor.elementor-drop-cap-view-framed .elementor-drop-cap{color:#69727d;border:3px solid;background-color:transparent}.elementor-widget-text-editor:not(.elementor-drop-cap-view-default) .elementor-drop-cap{margin-top:8px}.elementor-widget-text-editor:not(.elementor-drop-cap-view-default) .elementor-drop-cap-letter{width:1em;height:1em}.elementor-widget-text-editor .elementor-drop-cap{float:left;text-align:center;line-height:1;font-size:50px}.elementor-widget-text-editor .elementor-drop-cap-letter{display:inline-block}<\/style>\t\t\t\t<p><strong>Unser menschliches Gehirn ist ein sich selbst organisierender Erfahrungsspeicher.<\/strong><\/p><p>Der renommierte Neurowissenschaftler Antonio Damasio geht davon aus, dass Erfahrungen nach dem sehr einfachen Prinzip \u201eGut f\u00fcr mich\/ schlecht f\u00fcr mich\u201c \u2013 \u201eAnn\u00e4hern\/ Vermeiden\u201c \u2013 \u201ePlus\/ Minus\u201c ausgewertet werden.<\/p><p>Aus der Bewertung \u201ePlus\/ Minus\u201c geht letztlich die ganze Bandbreite von Gef\u00fchlen hervor. Diese Bewertung erfolgt im limbischen System. Hiermit wird eine Anzahl evolution\u00e4r \u00e4lterer Strukturen des Gehirns bezeichnet, die das gesamte Gehirn durchziehen. Das limbische Systems bewertet das, was das Gehirn tut. Das Ergebnis dieser Bewertung erleben wir als begleitende Gef\u00fchle. Diese Gef\u00fchle warnen uns vor bestimmten Handlungen und beeinflussen unsere Handlungsplanung.<\/p><p>Gef\u00fchle sind also konzentrierte Erfahrungen. Ohne sie ist kein vern\u00fcnftiges Handeln m\u00f6glich. Insgesamt gilt: wir Menschen sind emotionale und rationale Wesen. Wir bewerten Handlungsergebnisse sehr wohl rational und vern\u00fcnftig. Gef\u00fchle spielen bei diesem Vorgang jedoch auch eine wesentliche Rolle.<\/p><p><strong>Das Konzept der emotionalen Intelligenz tr\u00e4gt dieser Tatsache Rechnung.<\/strong><\/p><p>Hierbei geht es nicht darum, der Welt m\u00f6glichst emotional zu begegnen. Vielmehr hei\u00dft emotionale Intelligenz, unsere biologisch begr\u00fcndete Emotionalit\u00e4t und Ratio m\u00f6glichst gut miteinander in Einklang zu bringen: f\u00fcr ein zufriedenes und erfolgreiches Leben!<\/p>\t\t\t\t\t\t<\/div>\n\t\t\t\t<\/div>\n\t\t\t\t<div class=\"elementor-element elementor-element-6ee11240 elementor-widget elementor-widget-spacer\" data-id=\"6ee11240\" data-element_type=\"widget\" data-widget_type=\"spacer.default\">\n\t\t\t\t<div class=\"elementor-widget-container\">\n\t\t\t<style>\/*! elementor - v3.15.0 - 20-08-2023 *\/\n.elementor-column .elementor-spacer-inner{height:var(--spacer-size)}.e-con{--container-widget-width:100%}.e-con-inner>.elementor-widget-spacer,.e-con>.elementor-widget-spacer{width:var(--container-widget-width,var(--spacer-size));--align-self:var(--container-widget-align-self,initial);--flex-shrink:0}.e-con-inner>.elementor-widget-spacer>.elementor-widget-container,.e-con-inner>.elementor-widget-spacer>.elementor-widget-container>.elementor-spacer,.e-con>.elementor-widget-spacer>.elementor-widget-container,.e-con>.elementor-widget-spacer>.elementor-widget-container>.elementor-spacer{height:100%}.e-con-inner>.elementor-widget-spacer>.elementor-widget-container>.elementor-spacer>.elementor-spacer-inner,.e-con>.elementor-widget-spacer>.elementor-widget-container>.elementor-spacer>.elementor-spacer-inner{height:var(--container-widget-height,var(--spacer-size))}<\/style>\t\t<div class=\"elementor-spacer\">\n\t\t\t<div class=\"elementor-spacer-inner\"><\/div>\n\t\t<\/div>\n\t\t\t\t<\/div>\n\t\t\t\t<\/div>\n\t\t\t\t\t<\/div>\n\t\t<\/div>\n\t\t\t\t\t\t\t<\/div>\n\t\t<\/section>\n\t\t\t\t\t\t\t<\/div>\n\t\t","protected":false},"excerpt":{"rendered":"<p>Gehirn und emotionale Intelligenz Unser menschliches Gehirn ist ein sich selbst organisierender Erfahrungsspeicher. Der renommierte Neurowissenschaftler Antonio Damasio geht davon aus, dass Erfahrungen nach dem sehr einfachen Prinzip \u201eGut f\u00fcr mich\/ schlecht f\u00fcr mich\u201c \u2013 \u201eAnn\u00e4hern\/ Vermeiden\u201c \u2013 \u201ePlus\/ Minus\u201c ausgewertet werden. Aus der Bewertung \u201ePlus\/ Minus\u201c geht letztlich die ganze Bandbreite von Gef\u00fchlen hervor. [&hellip;]<\/p>\n","protected":false},"author":1,"featured_media":0,"parent":29,"menu_order":0,"comment_status":"closed","ping_status":"closed","template":"","meta":{"footnotes":""},"class_list":["post-35","page","type-page","status-publish","hentry"],"yoast_head":"<!-- This site is optimized with the Yoast SEO plugin v21.0 - https:\/\/yoast.com\/wordpress\/plugins\/seo\/ -->\n<title>Limbische System - zwei2eins<\/title>\n<meta name=\"description\" content=\"Unser menschliches Gehirn ist ein sich selbst organisierender Erfahrungsspeicher. Der renommierte Neurowissenschaftler Antonio Damasio geht davon aus, dass Erfahrungen nach dem sehr einfachen Prinzip \u201eGut f\u00fcr mich\/ schlecht f\u00fcr mich\u201c \u2013 \u201eAnn\u00e4hern\/ Vermeiden\u201c \u2013 \u201ePlus\/ Minus\u201c ausgewertet werden.\" \/>\n<meta name=\"robots\" content=\"index, follow, max-snippet:-1, max-image-preview:large, max-video-preview:-1\" \/>\n<link rel=\"canonical\" href=\"https:\/\/zwei2eins.de\/de\/how\/emotionale-intelligenz\/limbische-system\/\" \/>\n<meta property=\"og:locale\" content=\"de_DE\" \/>\n<meta property=\"og:type\" content=\"article\" \/>\n<meta property=\"og:title\" content=\"Limbische System - zwei2eins\" \/>\n<meta property=\"og:description\" content=\"Unser menschliches Gehirn ist ein sich selbst organisierender Erfahrungsspeicher. Der renommierte Neurowissenschaftler Antonio Damasio geht davon aus, dass Erfahrungen nach dem sehr einfachen Prinzip \u201eGut f\u00fcr mich\/ schlecht f\u00fcr mich\u201c \u2013 \u201eAnn\u00e4hern\/ Vermeiden\u201c \u2013 \u201ePlus\/ Minus\u201c ausgewertet werden.\" \/>\n<meta property=\"og:url\" content=\"https:\/\/zwei2eins.de\/de\/how\/emotionale-intelligenz\/limbische-system\/\" \/>\n<meta property=\"og:site_name\" content=\"zwei2eins\" \/>\n<meta property=\"article:modified_time\" content=\"2023-01-17T06:29:50+00:00\" \/>\n<meta name=\"twitter:card\" content=\"summary_large_image\" \/>\n<meta name=\"twitter:label1\" content=\"Gesch\u00e4tzte Lesezeit\" \/>\n\t<meta name=\"twitter:data1\" content=\"2\u00a0Minuten\" \/>\n<script type=\"application\/ld+json\" class=\"yoast-schema-graph\">{\"@context\":\"https:\/\/schema.org\",\"@graph\":[{\"@type\":\"WebPage\",\"@id\":\"https:\/\/zwei2eins.de\/de\/how\/emotionale-intelligenz\/limbische-system\/\",\"url\":\"https:\/\/zwei2eins.de\/de\/how\/emotionale-intelligenz\/limbische-system\/\",\"name\":\"Limbische System - zwei2eins\",\"isPartOf\":{\"@id\":\"https:\/\/zwei2eins.de\/de\/#website\"},\"datePublished\":\"2023-01-10T14:00:53+00:00\",\"dateModified\":\"2023-01-17T06:29:50+00:00\",\"description\":\"Unser menschliches Gehirn ist ein sich selbst organisierender Erfahrungsspeicher. Der renommierte Neurowissenschaftler Antonio Damasio geht davon aus, dass Erfahrungen nach dem sehr einfachen Prinzip \u201eGut f\u00fcr mich\/ schlecht f\u00fcr mich\u201c \u2013 \u201eAnn\u00e4hern\/ Vermeiden\u201c \u2013 \u201ePlus\/ Minus\u201c ausgewertet werden.\",\"breadcrumb\":{\"@id\":\"https:\/\/zwei2eins.de\/de\/how\/emotionale-intelligenz\/limbische-system\/#breadcrumb\"},\"inLanguage\":\"de\",\"potentialAction\":[{\"@type\":\"ReadAction\",\"target\":[\"https:\/\/zwei2eins.de\/de\/how\/emotionale-intelligenz\/limbische-system\/\"]}]},{\"@type\":\"BreadcrumbList\",\"@id\":\"https:\/\/zwei2eins.de\/de\/how\/emotionale-intelligenz\/limbische-system\/#breadcrumb\",\"itemListElement\":[{\"@type\":\"ListItem\",\"position\":1,\"name\":\"Startseite\",\"item\":\"https:\/\/zwei2eins.de\/de\/\"},{\"@type\":\"ListItem\",\"position\":2,\"name\":\"How\",\"item\":\"https:\/\/zwei2eins.de\/de\/how\/\"},{\"@type\":\"ListItem\",\"position\":3,\"name\":\"Emotionale Intelligenz\",\"item\":\"https:\/\/zwei2eins.de\/de\/how\/emotionale-intelligenz\/\"},{\"@type\":\"ListItem\",\"position\":4,\"name\":\"Limbische System\"}]},{\"@type\":\"WebSite\",\"@id\":\"https:\/\/zwei2eins.de\/de\/#website\",\"url\":\"https:\/\/zwei2eins.de\/de\/\",\"name\":\"zwei2eins\",\"description\":\"Die Performance-Steigerer\",\"publisher\":{\"@id\":\"https:\/\/zwei2eins.de\/de\/#organization\"},\"potentialAction\":[{\"@type\":\"SearchAction\",\"target\":{\"@type\":\"EntryPoint\",\"urlTemplate\":\"https:\/\/zwei2eins.de\/de\/?s={search_term_string}\"},\"query-input\":\"required name=search_term_string\"}],\"inLanguage\":\"de\"},{\"@type\":\"Organization\",\"@id\":\"https:\/\/zwei2eins.de\/de\/#organization\",\"name\":\"zwei2eins\",\"url\":\"https:\/\/zwei2eins.de\/de\/\",\"logo\":{\"@type\":\"ImageObject\",\"inLanguage\":\"de\",\"@id\":\"https:\/\/zwei2eins.de\/de\/#\/schema\/logo\/image\/\",\"url\":\"https:\/\/zwei2eins.de\/wp-content\/uploads\/2023\/01\/Zwei2Eins_TopConsultant.klein_.png\",\"contentUrl\":\"https:\/\/zwei2eins.de\/wp-content\/uploads\/2023\/01\/Zwei2Eins_TopConsultant.klein_.png\",\"width\":1015,\"height\":315,\"caption\":\"zwei2eins\"},\"image\":{\"@id\":\"https:\/\/zwei2eins.de\/de\/#\/schema\/logo\/image\/\"}}]}<\/script>\n<!-- \/ Yoast SEO plugin. -->","yoast_head_json":{"title":"Limbische System - zwei2eins","description":"Unser menschliches Gehirn ist ein sich selbst organisierender Erfahrungsspeicher. Der renommierte Neurowissenschaftler Antonio Damasio geht davon aus, dass Erfahrungen nach dem sehr einfachen Prinzip \u201eGut f\u00fcr mich\/ schlecht f\u00fcr mich\u201c \u2013 \u201eAnn\u00e4hern\/ Vermeiden\u201c \u2013 \u201ePlus\/ Minus\u201c ausgewertet werden.","robots":{"index":"index","follow":"follow","max-snippet":"max-snippet:-1","max-image-preview":"max-image-preview:large","max-video-preview":"max-video-preview:-1"},"canonical":"https:\/\/zwei2eins.de\/de\/how\/emotionale-intelligenz\/limbische-system\/","og_locale":"de_DE","og_type":"article","og_title":"Limbische System - zwei2eins","og_description":"Unser menschliches Gehirn ist ein sich selbst organisierender Erfahrungsspeicher. Der renommierte Neurowissenschaftler Antonio Damasio geht davon aus, dass Erfahrungen nach dem sehr einfachen Prinzip \u201eGut f\u00fcr mich\/ schlecht f\u00fcr mich\u201c \u2013 \u201eAnn\u00e4hern\/ Vermeiden\u201c \u2013 \u201ePlus\/ Minus\u201c ausgewertet werden.","og_url":"https:\/\/zwei2eins.de\/de\/how\/emotionale-intelligenz\/limbische-system\/","og_site_name":"zwei2eins","article_modified_time":"2023-01-17T06:29:50+00:00","twitter_card":"summary_large_image","twitter_misc":{"Gesch\u00e4tzte Lesezeit":"2\u00a0Minuten"},"schema":{"@context":"https:\/\/schema.org","@graph":[{"@type":"WebPage","@id":"https:\/\/zwei2eins.de\/de\/how\/emotionale-intelligenz\/limbische-system\/","url":"https:\/\/zwei2eins.de\/de\/how\/emotionale-intelligenz\/limbische-system\/","name":"Limbische System - zwei2eins","isPartOf":{"@id":"https:\/\/zwei2eins.de\/de\/#website"},"datePublished":"2023-01-10T14:00:53+00:00","dateModified":"2023-01-17T06:29:50+00:00","description":"Unser menschliches Gehirn ist ein sich selbst organisierender Erfahrungsspeicher. Der renommierte Neurowissenschaftler Antonio Damasio geht davon aus, dass Erfahrungen nach dem sehr einfachen Prinzip \u201eGut f\u00fcr mich\/ schlecht f\u00fcr mich\u201c \u2013 \u201eAnn\u00e4hern\/ Vermeiden\u201c \u2013 \u201ePlus\/ Minus\u201c ausgewertet werden.","breadcrumb":{"@id":"https:\/\/zwei2eins.de\/de\/how\/emotionale-intelligenz\/limbische-system\/#breadcrumb"},"inLanguage":"de","potentialAction":[{"@type":"ReadAction","target":["https:\/\/zwei2eins.de\/de\/how\/emotionale-intelligenz\/limbische-system\/"]}]},{"@type":"BreadcrumbList","@id":"https:\/\/zwei2eins.de\/de\/how\/emotionale-intelligenz\/limbische-system\/#breadcrumb","itemListElement":[{"@type":"ListItem","position":1,"name":"Startseite","item":"https:\/\/zwei2eins.de\/de\/"},{"@type":"ListItem","position":2,"name":"How","item":"https:\/\/zwei2eins.de\/de\/how\/"},{"@type":"ListItem","position":3,"name":"Emotionale Intelligenz","item":"https:\/\/zwei2eins.de\/de\/how\/emotionale-intelligenz\/"},{"@type":"ListItem","position":4,"name":"Limbische System"}]},{"@type":"WebSite","@id":"https:\/\/zwei2eins.de\/de\/#website","url":"https:\/\/zwei2eins.de\/de\/","name":"zwei2eins","description":"Die Performance-Steigerer","publisher":{"@id":"https:\/\/zwei2eins.de\/de\/#organization"},"potentialAction":[{"@type":"SearchAction","target":{"@type":"EntryPoint","urlTemplate":"https:\/\/zwei2eins.de\/de\/?s={search_term_string}"},"query-input":"required name=search_term_string"}],"inLanguage":"de"},{"@type":"Organization","@id":"https:\/\/zwei2eins.de\/de\/#organization","name":"zwei2eins","url":"https:\/\/zwei2eins.de\/de\/","logo":{"@type":"ImageObject","inLanguage":"de","@id":"https:\/\/zwei2eins.de\/de\/#\/schema\/logo\/image\/","url":"https:\/\/zwei2eins.de\/wp-content\/uploads\/2023\/01\/Zwei2Eins_TopConsultant.klein_.png","contentUrl":"https:\/\/zwei2eins.de\/wp-content\/uploads\/2023\/01\/Zwei2Eins_TopConsultant.klein_.png","width":1015,"height":315,"caption":"zwei2eins"},"image":{"@id":"https:\/\/zwei2eins.de\/de\/#\/schema\/logo\/image\/"}}]}},"_links":{"self":[{"href":"https:\/\/zwei2eins.de\/de\/wp-json\/wp\/v2\/pages\/35","targetHints":{"allow":["GET"]}}],"collection":[{"href":"https:\/\/zwei2eins.de\/de\/wp-json\/wp\/v2\/pages"}],"about":[{"href":"https:\/\/zwei2eins.de\/de\/wp-json\/wp\/v2\/types\/page"}],"author":[{"embeddable":true,"href":"https:\/\/zwei2eins.de\/de\/wp-json\/wp\/v2\/users\/1"}],"replies":[{"embeddable":true,"href":"https:\/\/zwei2eins.de\/de\/wp-json\/wp\/v2\/comments?post=35"}],"version-history":[{"count":5,"href":"https:\/\/zwei2eins.de\/de\/wp-json\/wp\/v2\/pages\/35\/revisions"}],"predecessor-version":[{"id":887,"href":"https:\/\/zwei2eins.de\/de\/wp-json\/wp\/v2\/pages\/35\/revisions\/887"}],"up":[{"embeddable":true,"href":"https:\/\/zwei2eins.de\/de\/wp-json\/wp\/v2\/pages\/29"}],"wp:attachment":[{"href":"https:\/\/zwei2eins.de\/de\/wp-json\/wp\/v2\/media?parent=35"}],"curies":[{"name":"wp","href":"https:\/\/api.w.org\/{rel}","templated":true}]}}